{"id":5673,"date":"2020-02-14T22:23:26","date_gmt":"2020-02-14T22:23:26","guid":{"rendered":"https:\/\/the-getaway-van.com\/?page_id=5673"},"modified":"2020-05-14T07:07:25","modified_gmt":"2020-05-14T07:07:25","slug":"about-us","status":"publish","type":"page","link":"https:\/\/the-getaway-van.com\/pt-pt\/about-us\/","title":{"rendered":"Sobre n\u00f3s"},"content":{"rendered":"\t\t<div data-elementor-type=\"wp-post\" data-elementor-id=\"5673\" class=\"elementor elementor-5673 elementor-23\" data-elementor-post-type=\"page\">\n\t\t\t\t\t\t<section class=\"elementor-section elementor-top-section elementor-element elementor-element-jqldzfq elementor-section-stretched elementor-section-boxed elementor-section-height-default elementor-section-height-default\" data-id=\"jqldzfq\" data-element_type=\"section\" data-settings=\"{&quot;background_background&quot;:&quot;classic&quot;,&quot;stretch_section&quot;:&quot;section-stretched&quot;}\">\n\t\t\t\t\t\t<div class=\"elementor-container elementor-column-gap-default\">\n\t\t\t\t\t<div class=\"elementor-column elementor-col-100 elementor-top-column elementor-element elementor-element-2xz5qr7\" data-id=\"2xz5qr7\" data-element_type=\"column\" data-settings=\"{&quot;background_background&quot;:&quot;classic&quot;}\">\n\t\t\t<div class=\"elementor-widget-wrap elementor-element-populated\">\n\t\t\t\t\t\t<div class=\"elementor-element elementor-element-f839e8e elementor-widget elementor-widget-heading\" data-id=\"f839e8e\" data-element_type=\"widget\" data-widget_type=\"heading.default\">\n\t\t\t\t<div class=\"elementor-widget-container\">\n\t\t\t\t\t<h1 class=\"elementor-heading-title elementor-size-default\">Como tudo come\u00e7ou...<\/h1>\t\t\t\t<\/div>\n\t\t\t\t<\/div>\n\t\t\t\t<div class=\"elementor-element elementor-element-95c9fcb elementor-widget elementor-widget-text-editor\" data-id=\"95c9fcb\" data-element_type=\"widget\" data-widget_type=\"text-editor.default\">\n\t\t\t\t<div class=\"elementor-widget-container\">\n\t\t\t\t\t\t\t\t\t<p>Esta \u00e9 a hist\u00f3ria de como surgiu a The Getaway Van.<\/p>\n<p>A empresa nasceu de um sonho de fam\u00edlia. A Gra\u00e7a e o Ab\u00edlio haviam prometido ao seu filho que, quando se reformassem, comprariam uma campervan com a qual iriam viajar. A ideia era explorar novos destinos, como haviam feito no passado, de f\u00e9rias.<\/p>\n<p>Em 2014, estando ambos ainda muito ativos, pensaram &#8211; porque n\u00e3o comprar mais do que uma carrinha e criar um neg\u00f3cio de aluguer?<\/p>\n<p>E assim come\u00e7ou, com 3 autocaravanas, customizadas de acordo com as necessidades do utilizador, que eram bem conhecidas por eles, campistas habituais. O seu filho Paulo, designer, personalizou o exteriro das vans, dando-lhes uma apar\u00eancia cool e divertida.<\/p>\n<p>O neg\u00f3cio for criado na sua cidade, o Porto, a Norte do pa\u00eds. Localizado pr\u00f3ximo do aeroporto Francisco S\u00e1 Carneiro, \u00e9 um excelente ponto de partida para explorar Portugal ou continuar a viajar por outros destinos europeus. O Norte vale, por si s\u00f3, a pena explorar, com muitos locais hist\u00f3ricos, paisagem variadas de montanhas rochosas, uma bonita costa oce\u00e2nica, incr\u00edveis vales fluviais e um luxuoso verde.<\/p>\n\t\t\t\t\t\t\t\t<\/div>\n\t\t\t\t<\/div>\n\t\t\t\t<div class=\"elementor-element elementor-element-94aa21a elementor-widget elementor-widget-image\" data-id=\"94aa21a\" data-element_type=\"widget\" data-widget_type=\"image.default\">\n\t\t\t\t<div class=\"elementor-widget-container\">\n\t\t\t\t\t\t\t\t\t\t\t\t\t\t\t<img fetchpriority=\"high\" decoding=\"async\" width=\"1024\" height=\"683\" src=\"https:\/\/the-getaway-van.com\/wp-content\/uploads\/2019\/12\/The-Getaway-Van-How-it-all-began-1024x683.jpg\" class=\"attachment-large size-large wp-image-5674\" alt=\"Sobre-the-getaway-van\" srcset=\"https:\/\/the-getaway-van.com\/wp-content\/uploads\/2019\/12\/The-Getaway-Van-How-it-all-began-1024x683.jpg 1024w, https:\/\/the-getaway-van.com\/wp-content\/uploads\/2019\/12\/The-Getaway-Van-How-it-all-began-300x200.jpg 300w, https:\/\/the-getaway-van.com\/wp-content\/uploads\/2019\/12\/The-Getaway-Van-How-it-all-began-768x512.jpg 768w, https:\/\/the-getaway-van.com\/wp-content\/uploads\/2019\/12\/The-Getaway-Van-How-it-all-began.jpg 1200w\" sizes=\"(max-width: 1024px) 100vw, 1024px\" \/>\t\t\t\t\t\t\t\t\t\t\t\t\t\t\t<\/div>\n\t\t\t\t<\/div>\n\t\t\t\t<div class=\"elementor-element elementor-element-641533d elementor-widget elementor-widget-heading\" data-id=\"641533d\" data-element_type=\"widget\" data-widget_type=\"heading.default\">\n\t\t\t\t<div class=\"elementor-widget-container\">\n\t\t\t\t\t<h3 class=\"elementor-heading-title elementor-size-small\">Desde o in\u00edcio que a experi\u00eancia dos utilizadores foi uma prioridade, procurando ajud\u00e1-los a planear para desfrutar ao m\u00e1ximo da viagem.<\/h3>\t\t\t\t<\/div>\n\t\t\t\t<\/div>\n\t\t\t\t<div class=\"elementor-element elementor-element-9d72920 elementor-widget elementor-widget-text-editor\" data-id=\"9d72920\" data-element_type=\"widget\" data-widget_type=\"text-editor.default\">\n\t\t\t\t<div class=\"elementor-widget-container\">\n\t\t\t\t\t\t\t\t\t<p>Por isso, est\u00e3o sempre dispon\u00edveis para ajudar em qualquer quest\u00e3o que possa surgir. A The Getaway Van estabeleceu parcerias com variadas empresas por todo o pa\u00eds (escolas de surf, parques de campismo e aventura e lazer), em cujos servi\u00e7os os seus clientes podem obter descontos.<\/p>\n<p>No dia da entrega da campervan, os viajantes recebem um dossier com diferentes dicas de viagem. Foi tamb\u00e9m criado um grupo de facebook (Getaway Suggestions), onde todos podem partilhar a suas experi\u00eancias.<\/p>\n<p>O objetivo n\u00e3o \u00e9 transformar a The Getaway Van numa empresa grande, com muitas carrinhas (embora de l\u00e1 para c\u00e1 a frota tenha j\u00e1 duplicado). Pretende-se manter a proximidade com o cliente, fazendo-o sentir-se apoiado durante todo o processo.<\/p>\n\t\t\t\t\t\t\t\t<\/div>\n\t\t\t\t<\/div>\n\t\t\t\t<div class=\"elementor-element elementor-element-j3wv4vr elementor-widget elementor-widget-heading\" data-id=\"j3wv4vr\" data-element_type=\"widget\" data-widget_type=\"heading.default\">\n\t\t\t\t<div class=\"elementor-widget-container\">\n\t\t\t\t\t<h4 class=\"elementor-heading-title elementor-size-default\">#LETSGETAWAY<\/h4>\t\t\t\t<\/div>\n\t\t\t\t<\/div>\n\t\t\t\t<div class=\"elementor-element elementor-element-pdohxub elementor-widget elementor-widget-heading\" data-id=\"pdohxub\" data-element_type=\"widget\" data-widget_type=\"heading.default\">\n\t\t\t\t<div class=\"elementor-widget-container\">\n\t\t\t\t\t<h4 class=\"elementor-heading-title elementor-size-default\">COMECE A PLANEAR A SUA AVENTURA!<\/h4>\t\t\t\t<\/div>\n\t\t\t\t<\/div>\n\t\t\t\t\t<\/div>\n\t\t<\/div>\n\t\t\t\t\t<\/div>\n\t\t<\/section>\n\t\t\t\t<\/div>\n\t\t","protected":false},"excerpt":{"rendered":"<p>Como tudo come\u00e7ou&#8230; Esta \u00e9 a hist\u00f3ria de como surgiu a The Getaway Van. A empresa nasceu de um sonho de fam\u00edlia. A Gra\u00e7a e o Ab\u00edlio haviam prometido ao seu filho que, quando se reformassem, comprariam uma campervan com a qual iriam viajar. A ideia era explorar novos destinos, como haviam feito no passado, [&hellip;]<\/p>\n","protected":false},"author":1,"featured_media":0,"parent":0,"menu_order":94,"comment_status":"closed","ping_status":"closed","template":"","meta":{"_acf_changed":false,"footnotes":""},"class_list":["post-5673","page","type-page","status-publish","hentry"],"acf":[],"yoast_head":"<!-- This site is optimized with the Yoast SEO plugin v24.4 - https:\/\/yoast.com\/wordpress\/plugins\/seo\/ -->\n<title>Sobre The Getaway Van: Esta \u00e9 a hist\u00f3ria de como tudo come\u00e7ou<\/title>\n<meta name=\"description\" content=\"Gostar\u00edamos muito de falar sobre n\u00f3s. Descubra o que desencadeou o in\u00edcio da The Getaway Van e como esta fam\u00edlia decidiu criar uma empresa de aluguer de auto-caravanas em Portugal.\" \/>\n<meta name=\"robots\" content=\"index, follow, max-snippet:-1, max-image-preview:large, max-video-preview:-1\" \/>\n<link rel=\"canonical\" href=\"https:\/\/the-getaway-van.com\/pt-pt\/about-us\/\" \/>\n<meta property=\"og:locale\" content=\"pt_PT\" \/>\n<meta property=\"og:type\" content=\"article\" \/>\n<meta property=\"og:title\" content=\"Sobre The Getaway Van: Esta \u00e9 a hist\u00f3ria de como tudo come\u00e7ou\" \/>\n<meta property=\"og:description\" content=\"Gostar\u00edamos muito de falar sobre n\u00f3s. Descubra o que desencadeou o in\u00edcio da The Getaway Van e como esta fam\u00edlia decidiu criar uma empresa de aluguer de auto-caravanas em Portugal.\" \/>\n<meta property=\"og:url\" content=\"https:\/\/the-getaway-van.com\/pt-pt\/about-us\/\" \/>\n<meta property=\"og:site_name\" content=\"The Getaway Van\" \/>\n<meta property=\"article:publisher\" content=\"https:\/\/www.facebook.com\/getawayvan\/\" \/>\n<meta property=\"article:modified_time\" content=\"2020-05-14T07:07:25+00:00\" \/>\n<meta name=\"twitter:card\" content=\"summary_large_image\" \/>\n<meta name=\"twitter:image\" content=\"https:\/\/the-getaway-van.com\/wp-content\/uploads\/2019\/12\/The-Getaway-Van-How-it-all-began-1024x683.jpg\" \/>\n<meta name=\"twitter:site\" content=\"@getaway_van\" \/>\n<meta name=\"twitter:label1\" content=\"Tempo estimado de leitura\" \/>\n\t<meta name=\"twitter:data1\" content=\"2 minutos\" \/>\n<script type=\"application\/ld+json\" class=\"yoast-schema-graph\">{\"@context\":\"https:\/\/schema.org\",\"@graph\":[{\"@type\":\"WebPage\",\"@id\":\"https:\/\/the-getaway-van.com\/pt-pt\/about-us\/\",\"url\":\"https:\/\/the-getaway-van.com\/pt-pt\/about-us\/\",\"name\":\"Sobre The Getaway Van: Esta \u00e9 a hist\u00f3ria de como tudo come\u00e7ou\",\"isPartOf\":{\"@id\":\"https:\/\/the-getaway-van.com\/pt-pt\/#website\"},\"primaryImageOfPage\":{\"@id\":\"https:\/\/the-getaway-van.com\/pt-pt\/about-us\/#primaryimage\"},\"image\":{\"@id\":\"https:\/\/the-getaway-van.com\/pt-pt\/about-us\/#primaryimage\"},\"thumbnailUrl\":\"https:\/\/the-getaway-van.com\/wp-content\/uploads\/2019\/12\/The-Getaway-Van-How-it-all-began-1024x683.jpg\",\"datePublished\":\"2020-02-14T22:23:26+00:00\",\"dateModified\":\"2020-05-14T07:07:25+00:00\",\"description\":\"Gostar\u00edamos muito de falar sobre n\u00f3s. Descubra o que desencadeou o in\u00edcio da The Getaway Van e como esta fam\u00edlia decidiu criar uma empresa de aluguer de auto-caravanas em Portugal.\",\"breadcrumb\":{\"@id\":\"https:\/\/the-getaway-van.com\/pt-pt\/about-us\/#breadcrumb\"},\"inLanguage\":\"pt-PT\",\"potentialAction\":[{\"@type\":\"ReadAction\",\"target\":[\"https:\/\/the-getaway-van.com\/pt-pt\/about-us\/\"]}]},{\"@type\":\"ImageObject\",\"inLanguage\":\"pt-PT\",\"@id\":\"https:\/\/the-getaway-van.com\/pt-pt\/about-us\/#primaryimage\",\"url\":\"https:\/\/the-getaway-van.com\/wp-content\/uploads\/2019\/12\/The-Getaway-Van-How-it-all-began-1024x683.jpg\",\"contentUrl\":\"https:\/\/the-getaway-van.com\/wp-content\/uploads\/2019\/12\/The-Getaway-Van-How-it-all-began-1024x683.jpg\"},{\"@type\":\"BreadcrumbList\",\"@id\":\"https:\/\/the-getaway-van.com\/pt-pt\/about-us\/#breadcrumb\",\"itemListElement\":[{\"@type\":\"ListItem\",\"position\":1,\"name\":\"Home\",\"item\":\"https:\/\/the-getaway-van.com\/pt-pt\/campervan-rental\/\"},{\"@type\":\"ListItem\",\"position\":2,\"name\":\"Sobre n\u00f3s\"}]},{\"@type\":\"WebSite\",\"@id\":\"https:\/\/the-getaway-van.com\/pt-pt\/#website\",\"url\":\"https:\/\/the-getaway-van.com\/pt-pt\/\",\"name\":\"The Getaway Van\",\"description\":\"Aluguer de Autocaravanas\",\"publisher\":{\"@id\":\"https:\/\/the-getaway-van.com\/pt-pt\/#organization\"},\"potentialAction\":[{\"@type\":\"SearchAction\",\"target\":{\"@type\":\"EntryPoint\",\"urlTemplate\":\"https:\/\/the-getaway-van.com\/pt-pt\/?s={search_term_string}\"},\"query-input\":{\"@type\":\"PropertyValueSpecification\",\"valueRequired\":true,\"valueName\":\"search_term_string\"}}],\"inLanguage\":\"pt-PT\"},{\"@type\":\"Organization\",\"@id\":\"https:\/\/the-getaway-van.com\/pt-pt\/#organization\",\"name\":\"The Getaway Van\",\"url\":\"https:\/\/the-getaway-van.com\/pt-pt\/\",\"logo\":{\"@type\":\"ImageObject\",\"inLanguage\":\"pt-PT\",\"@id\":\"https:\/\/the-getaway-van.com\/pt-pt\/#\/schema\/logo\/image\/\",\"url\":\"https:\/\/the-getaway-van.com\/wp-content\/uploads\/2020\/02\/TGV-logo.png\",\"contentUrl\":\"https:\/\/the-getaway-van.com\/wp-content\/uploads\/2020\/02\/TGV-logo.png\",\"width\":512,\"height\":512,\"caption\":\"The Getaway Van\"},\"image\":{\"@id\":\"https:\/\/the-getaway-van.com\/pt-pt\/#\/schema\/logo\/image\/\"},\"sameAs\":[\"https:\/\/www.facebook.com\/getawayvan\/\",\"https:\/\/x.com\/getaway_van\",\"https:\/\/www.instagram.com\/getawayvan\/\",\"https:\/\/www.linkedin.com\/company\/the-getaway-van\/\",\"https:\/\/www.pinterest.co.uk\/getawayvan\/\",\"https:\/\/www.youtube.com\/channel\/UCJwXGtMRaMw2D2NyDSW7slA\/\"]}]}<\/script>\n<!-- \/ Yoast SEO plugin. -->","yoast_head_json":{"title":"Sobre The Getaway Van: Esta \u00e9 a hist\u00f3ria de como tudo come\u00e7ou","description":"Gostar\u00edamos muito de falar sobre n\u00f3s. Descubra o que desencadeou o in\u00edcio da The Getaway Van e como esta fam\u00edlia decidiu criar uma empresa de aluguer de auto-caravanas em Portugal.","robots":{"index":"index","follow":"follow","max-snippet":"max-snippet:-1","max-image-preview":"max-image-preview:large","max-video-preview":"max-video-preview:-1"},"canonical":"https:\/\/the-getaway-van.com\/pt-pt\/about-us\/","og_locale":"pt_PT","og_type":"article","og_title":"Sobre The Getaway Van: Esta \u00e9 a hist\u00f3ria de como tudo come\u00e7ou","og_description":"Gostar\u00edamos muito de falar sobre n\u00f3s. Descubra o que desencadeou o in\u00edcio da The Getaway Van e como esta fam\u00edlia decidiu criar uma empresa de aluguer de auto-caravanas em Portugal.","og_url":"https:\/\/the-getaway-van.com\/pt-pt\/about-us\/","og_site_name":"The Getaway Van","article_publisher":"https:\/\/www.facebook.com\/getawayvan\/","article_modified_time":"2020-05-14T07:07:25+00:00","twitter_card":"summary_large_image","twitter_image":"https:\/\/the-getaway-van.com\/wp-content\/uploads\/2019\/12\/The-Getaway-Van-How-it-all-began-1024x683.jpg","twitter_site":"@getaway_van","twitter_misc":{"Tempo estimado de leitura":"2 minutos"},"schema":{"@context":"https:\/\/schema.org","@graph":[{"@type":"WebPage","@id":"https:\/\/the-getaway-van.com\/pt-pt\/about-us\/","url":"https:\/\/the-getaway-van.com\/pt-pt\/about-us\/","name":"Sobre The Getaway Van: Esta \u00e9 a hist\u00f3ria de como tudo come\u00e7ou","isPartOf":{"@id":"https:\/\/the-getaway-van.com\/pt-pt\/#website"},"primaryImageOfPage":{"@id":"https:\/\/the-getaway-van.com\/pt-pt\/about-us\/#primaryimage"},"image":{"@id":"https:\/\/the-getaway-van.com\/pt-pt\/about-us\/#primaryimage"},"thumbnailUrl":"https:\/\/the-getaway-van.com\/wp-content\/uploads\/2019\/12\/The-Getaway-Van-How-it-all-began-1024x683.jpg","datePublished":"2020-02-14T22:23:26+00:00","dateModified":"2020-05-14T07:07:25+00:00","description":"Gostar\u00edamos muito de falar sobre n\u00f3s. Descubra o que desencadeou o in\u00edcio da The Getaway Van e como esta fam\u00edlia decidiu criar uma empresa de aluguer de auto-caravanas em Portugal.","breadcrumb":{"@id":"https:\/\/the-getaway-van.com\/pt-pt\/about-us\/#breadcrumb"},"inLanguage":"pt-PT","potentialAction":[{"@type":"ReadAction","target":["https:\/\/the-getaway-van.com\/pt-pt\/about-us\/"]}]},{"@type":"ImageObject","inLanguage":"pt-PT","@id":"https:\/\/the-getaway-van.com\/pt-pt\/about-us\/#primaryimage","url":"https:\/\/the-getaway-van.com\/wp-content\/uploads\/2019\/12\/The-Getaway-Van-How-it-all-began-1024x683.jpg","contentUrl":"https:\/\/the-getaway-van.com\/wp-content\/uploads\/2019\/12\/The-Getaway-Van-How-it-all-began-1024x683.jpg"},{"@type":"BreadcrumbList","@id":"https:\/\/the-getaway-van.com\/pt-pt\/about-us\/#breadcrumb","itemListElement":[{"@type":"ListItem","position":1,"name":"Home","item":"https:\/\/the-getaway-van.com\/pt-pt\/campervan-rental\/"},{"@type":"ListItem","position":2,"name":"Sobre n\u00f3s"}]},{"@type":"WebSite","@id":"https:\/\/the-getaway-van.com\/pt-pt\/#website","url":"https:\/\/the-getaway-van.com\/pt-pt\/","name":"The Getaway Van","description":"Aluguer de Autocaravanas","publisher":{"@id":"https:\/\/the-getaway-van.com\/pt-pt\/#organization"},"potentialAction":[{"@type":"SearchAction","target":{"@type":"EntryPoint","urlTemplate":"https:\/\/the-getaway-van.com\/pt-pt\/?s={search_term_string}"},"query-input":{"@type":"PropertyValueSpecification","valueRequired":true,"valueName":"search_term_string"}}],"inLanguage":"pt-PT"},{"@type":"Organization","@id":"https:\/\/the-getaway-van.com\/pt-pt\/#organization","name":"The Getaway Van","url":"https:\/\/the-getaway-van.com\/pt-pt\/","logo":{"@type":"ImageObject","inLanguage":"pt-PT","@id":"https:\/\/the-getaway-van.com\/pt-pt\/#\/schema\/logo\/image\/","url":"https:\/\/the-getaway-van.com\/wp-content\/uploads\/2020\/02\/TGV-logo.png","contentUrl":"https:\/\/the-getaway-van.com\/wp-content\/uploads\/2020\/02\/TGV-logo.png","width":512,"height":512,"caption":"The Getaway Van"},"image":{"@id":"https:\/\/the-getaway-van.com\/pt-pt\/#\/schema\/logo\/image\/"},"sameAs":["https:\/\/www.facebook.com\/getawayvan\/","https:\/\/x.com\/getaway_van","https:\/\/www.instagram.com\/getawayvan\/","https:\/\/www.linkedin.com\/company\/the-getaway-van\/","https:\/\/www.pinterest.co.uk\/getawayvan\/","https:\/\/www.youtube.com\/channel\/UCJwXGtMRaMw2D2NyDSW7slA\/"]}]}},"_links":{"self":[{"href":"https:\/\/the-getaway-van.com\/pt-pt\/wp-json\/wp\/v2\/pages\/5673","targetHints":{"allow":["GET"]}}],"collection":[{"href":"https:\/\/the-getaway-van.com\/pt-pt\/wp-json\/wp\/v2\/pages"}],"about":[{"href":"https:\/\/the-getaway-van.com\/pt-pt\/wp-json\/wp\/v2\/types\/page"}],"author":[{"embeddable":true,"href":"https:\/\/the-getaway-van.com\/pt-pt\/wp-json\/wp\/v2\/users\/1"}],"replies":[{"embeddable":true,"href":"https:\/\/the-getaway-van.com\/pt-pt\/wp-json\/wp\/v2\/comments?post=5673"}],"version-history":[{"count":0,"href":"https:\/\/the-getaway-van.com\/pt-pt\/wp-json\/wp\/v2\/pages\/5673\/revisions"}],"wp:attachment":[{"href":"https:\/\/the-getaway-van.com\/pt-pt\/wp-json\/wp\/v2\/media?parent=5673"}],"curies":[{"name":"wp","href":"https:\/\/api.w.org\/{rel}","templated":true}]}}