{"id":8007,"date":"2021-04-12T12:31:24","date_gmt":"2021-04-12T12:31:24","guid":{"rendered":"https:\/\/the-getaway-van.com\/?page_id=8007"},"modified":"2021-04-12T12:36:57","modified_gmt":"2021-04-12T12:36:57","slug":"politica-de-cookies","status":"publish","type":"page","link":"https:\/\/the-getaway-van.com\/es\/politica-de-cookies\/","title":{"rendered":"Pol\u00edtica de cookies"},"content":{"rendered":"\t\t<div data-elementor-type=\"wp-page\" data-elementor-id=\"8007\" class=\"elementor elementor-8007 elementor-5044\" data-elementor-post-type=\"page\">\n\t\t\t\t\t\t<section class=\"elementor-section elementor-top-section elementor-element elementor-element-cffd4ef elementor-section-boxed elementor-section-height-default elementor-section-height-default\" data-id=\"cffd4ef\" data-element_type=\"section\">\n\t\t\t\t\t\t<div class=\"elementor-container elementor-column-gap-default\">\n\t\t\t\t\t<div class=\"elementor-column elementor-col-25 elementor-top-column elementor-element elementor-element-b6a3048\" data-id=\"b6a3048\" data-element_type=\"column\">\n\t\t\t<div class=\"elementor-widget-wrap\">\n\t\t\t\t\t\t\t<\/div>\n\t\t<\/div>\n\t\t\t\t<div class=\"elementor-column elementor-col-50 elementor-top-column elementor-element elementor-element-2e6af6a\" data-id=\"2e6af6a\" data-element_type=\"column\">\n\t\t\t<div class=\"elementor-widget-wrap elementor-element-populated\">\n\t\t\t\t\t\t<div class=\"elementor-element elementor-element-9d356c0 elementor-widget elementor-widget-heading\" data-id=\"9d356c0\" data-element_type=\"widget\" data-widget_type=\"heading.default\">\n\t\t\t\t<div class=\"elementor-widget-container\">\n\t\t\t\t\t<h1 class=\"elementor-heading-title elementor-size-default\">Pol\u00edtica de cookies<\/h1>\t\t\t\t<\/div>\n\t\t\t\t<\/div>\n\t\t\t\t<div class=\"elementor-element elementor-element-0c2cf9b elementor-widget elementor-widget-heading\" data-id=\"0c2cf9b\" data-element_type=\"widget\" data-widget_type=\"heading.default\">\n\t\t\t\t<div class=\"elementor-widget-container\">\n\t\t\t\t\t<h2 class=\"elementor-heading-title elementor-size-default\">\u00bfQu\u00e9 son las cookies?<\/h2>\t\t\t\t<\/div>\n\t\t\t\t<\/div>\n\t\t\t\t<div class=\"elementor-element elementor-element-3ffcdef elementor-widget elementor-widget-text-editor\" data-id=\"3ffcdef\" data-element_type=\"widget\" data-widget_type=\"text-editor.default\">\n\t\t\t\t<div class=\"elementor-widget-container\">\n\t\t\t\t\t\t\t\t\t<p>Las cookies son peque\u00f1os archivos de datos que se instalan en su ordenador cuando visita un sitio web en l\u00ednea.\u00a0<span style=\"color: var( --e-global-color-text ); font-family: var( --e-global-typography-text-font-family ), Sans-serif; font-weight: var( --e-global-typography-text-font-weight );\">Estos se utilizan para registrar ciertas interacciones de navegaci\u00f3n en este sitio web y para almacenar datos que se pueden actualizar y recuperar.\u00a0<\/span><span style=\"color: var( --e-global-color-text ); font-family: var( --e-global-typography-text-font-family ), Sans-serif; font-weight: var( --e-global-typography-text-font-weight );\">Estos archivos se almacenan en el terminal del usuario, y contienen datos an\u00f3nimos y son inofensivos.\u00a0<\/span><span style=\"color: var( --e-global-color-text ); font-family: var( --e-global-typography-text-font-family ), Sans-serif; font-weight: var( --e-global-typography-text-font-weight );\">Las cookies se utilizan para recordar las preferencias del usuario, como el idioma seleccionado, los datos de acceso o la personalizaci\u00f3n de una p\u00e1gina.\u00a0<\/span><\/p><p>Las cookies tambi\u00e9n se pueden usar para registrar informaci\u00f3n an\u00f3nima relacionada con la forma en que el usuario interact\u00faa con el sitio web. Esto incluye, por ejemplo, las p\u00e1ginas a las que ha accedido el usuario, si ha llegado a la p\u00e1gina a trav\u00e9s de un banner publicitario, etc.<\/p>\t\t\t\t\t\t\t\t<\/div>\n\t\t\t\t<\/div>\n\t\t\t\t<div class=\"elementor-element elementor-element-f110378 elementor-widget elementor-widget-heading\" data-id=\"f110378\" data-element_type=\"widget\" data-widget_type=\"heading.default\">\n\t\t\t\t<div class=\"elementor-widget-container\">\n\t\t\t\t\t<h2 class=\"elementor-heading-title elementor-size-default\">\u00bfPor qu\u00e9 THE GETAWAY VAN, LDA utiliza cookies?<\/h2>\t\t\t\t<\/div>\n\t\t\t\t<\/div>\n\t\t\t\t<div class=\"elementor-element elementor-element-6e18fd4 elementor-widget elementor-widget-text-editor\" data-id=\"6e18fd4\" data-element_type=\"widget\" data-widget_type=\"text-editor.default\">\n\t\t\t\t<div class=\"elementor-widget-container\">\n\t\t\t\t\t\t\t\t\t<p>THE GETAWAY VAN, LDA utiliza cookies en su sitio web.<\/p><p>Estos son los estrictamente necesarios y esenciales para poder proporcionar una mejor experiencia de navegaci\u00f3n al usuario. Estas cookies almacenan informaci\u00f3n, como preferencias del usuario, y proporcionan datos de seguimiento an\u00f3nimos para aplicaciones como Google Analytics.\u00a0<\/p><p>Para cumplir con la legislaci\u00f3n vigente, THE GETAWAY VAN, LDA debe solicitar su autorizaci\u00f3n para instalar sus cookies. Si no desea autorizar su uso, THE GETAWAY VAN, LDA solo utilizar\u00e1 cookies t\u00e9cnicas, ya que son esenciales para la navegaci\u00f3n en su sitio web. En este caso, las cookies no se almacenar\u00e1n en su ordenador.\u00a0<\/p><p>Si contin\u00faa navegando por el sitio web sin negarse a utilizar cookies, THE GETAWAY VAN, LDA considera que acepta su uso. Nos gustar\u00eda recordarle que si rechazamos o eliminamos las cookies de navegaci\u00f3n en el sitio web, no podremos mantener sus preferencias. En este caso, algunas caracter\u00edsticas de las p\u00e1ginas no estar\u00e1n operativas, no podremos ofrecerle servicios personalizados y cada vez que navegue por nuestro sitio web tendremos que pedirle nuevamente autorizaci\u00f3n para usar cookies.\u00a0<\/p><p>Si a\u00fan decide cambiar la configuraci\u00f3n de acceso a nuestro sitio web, es importante que sepa que puede eliminar las cookies o evitar que esta informaci\u00f3n se registre en su ordenador. Para ello, solo necesita modificar los par\u00e1metros de configuraci\u00f3n de su navegador. Adem\u00e1s, puede retirar su consentimiento en relaci\u00f3n con esta Pol\u00edtica de Cookies en cualquier momento, eliminando las cookies almacenadas en su ordenador a trav\u00e9s de las opciones de configuraci\u00f3n de su navegador.<\/p>\t\t\t\t\t\t\t\t<\/div>\n\t\t\t\t<\/div>\n\t\t\t\t\t<\/div>\n\t\t<\/div>\n\t\t\t\t<div class=\"elementor-column elementor-col-25 elementor-top-column elementor-element elementor-element-629bac5\" data-id=\"629bac5\" data-element_type=\"column\">\n\t\t\t<div class=\"elementor-widget-wrap\">\n\t\t\t\t\t\t\t<\/div>\n\t\t<\/div>\n\t\t\t\t\t<\/div>\n\t\t<\/section>\n\t\t\t\t<\/div>\n\t\t","protected":false},"excerpt":{"rendered":"<p>\u00bfQu\u00e9 son las cookies? Las cookies son peque\u00f1os archivos de datos que se instalan en su ordenador cuando visita un sitio web en l\u00ednea.\u00a0Estos se utilizan para registrar ciertas interacciones de navegaci\u00f3n en este sitio web y para almacenar datos que se pueden actualizar y recuperar.\u00a0Estos archivos se almacenan en el terminal del usuario, y [&hellip;]<\/p>\n","protected":false},"author":5,"featured_media":0,"parent":0,"menu_order":0,"comment_status":"closed","ping_status":"closed","template":"","meta":{"_acf_changed":false,"footnotes":""},"class_list":["post-8007","page","type-page","status-publish","hentry"],"acf":[],"yoast_head":"<!-- This site is optimized with the Yoast SEO plugin v24.4 - https:\/\/yoast.com\/wordpress\/plugins\/seo\/ -->\n<title>Pol\u00edtica de cookies - The Getaway Van<\/title>\n<meta name=\"description\" content=\"Todo lo que necesitas saber sobre la pol\u00edtica de cookies de la p\u00e1gina de The Getaway Van.\" \/>\n<meta name=\"robots\" content=\"index, follow, max-snippet:-1, max-image-preview:large, max-video-preview:-1\" \/>\n<link rel=\"canonical\" href=\"https:\/\/the-getaway-van.com\/es\/politica-de-cookies\/\" \/>\n<meta property=\"og:locale\" content=\"es_ES\" \/>\n<meta property=\"og:type\" content=\"article\" \/>\n<meta property=\"og:title\" content=\"Pol\u00edtica de cookies - The Getaway Van\" \/>\n<meta property=\"og:description\" content=\"Todo lo que necesitas saber sobre la pol\u00edtica de cookies de la p\u00e1gina de The Getaway Van.\" \/>\n<meta property=\"og:url\" content=\"https:\/\/the-getaway-van.com\/es\/politica-de-cookies\/\" \/>\n<meta property=\"og:site_name\" content=\"The Getaway Van\" \/>\n<meta property=\"article:publisher\" content=\"https:\/\/www.facebook.com\/getawayvan\/\" \/>\n<meta property=\"article:modified_time\" content=\"2021-04-12T12:36:57+00:00\" \/>\n<meta name=\"twitter:card\" content=\"summary_large_image\" \/>\n<meta name=\"twitter:site\" content=\"@getaway_van\" \/>\n<meta name=\"twitter:label1\" content=\"Tiempo de lectura\" \/>\n\t<meta name=\"twitter:data1\" content=\"2 minutos\" \/>\n<script type=\"application\/ld+json\" class=\"yoast-schema-graph\">{\"@context\":\"https:\/\/schema.org\",\"@graph\":[{\"@type\":\"WebPage\",\"@id\":\"https:\/\/the-getaway-van.com\/es\/politica-de-cookies\/\",\"url\":\"https:\/\/the-getaway-van.com\/es\/politica-de-cookies\/\",\"name\":\"Pol\u00edtica de cookies - The Getaway Van\",\"isPartOf\":{\"@id\":\"https:\/\/the-getaway-van.com\/es\/#website\"},\"datePublished\":\"2021-04-12T12:31:24+00:00\",\"dateModified\":\"2021-04-12T12:36:57+00:00\",\"description\":\"Todo lo que necesitas saber sobre la pol\u00edtica de cookies de la p\u00e1gina de The Getaway Van.\",\"breadcrumb\":{\"@id\":\"https:\/\/the-getaway-van.com\/es\/politica-de-cookies\/#breadcrumb\"},\"inLanguage\":\"es\",\"potentialAction\":[{\"@type\":\"ReadAction\",\"target\":[\"https:\/\/the-getaway-van.com\/es\/politica-de-cookies\/\"]}]},{\"@type\":\"BreadcrumbList\",\"@id\":\"https:\/\/the-getaway-van.com\/es\/politica-de-cookies\/#breadcrumb\",\"itemListElement\":[{\"@type\":\"ListItem\",\"position\":1,\"name\":\"Home\",\"item\":\"https:\/\/the-getaway-van.com\/es\/\"},{\"@type\":\"ListItem\",\"position\":2,\"name\":\"Pol\u00edtica de cookies\"}]},{\"@type\":\"WebSite\",\"@id\":\"https:\/\/the-getaway-van.com\/es\/#website\",\"url\":\"https:\/\/the-getaway-van.com\/es\/\",\"name\":\"The Getaway Van\",\"description\":\"Aluguer de Autocaravanas\",\"publisher\":{\"@id\":\"https:\/\/the-getaway-van.com\/es\/#organization\"},\"potentialAction\":[{\"@type\":\"SearchAction\",\"target\":{\"@type\":\"EntryPoint\",\"urlTemplate\":\"https:\/\/the-getaway-van.com\/es\/?s={search_term_string}\"},\"query-input\":{\"@type\":\"PropertyValueSpecification\",\"valueRequired\":true,\"valueName\":\"search_term_string\"}}],\"inLanguage\":\"es\"},{\"@type\":\"Organization\",\"@id\":\"https:\/\/the-getaway-van.com\/es\/#organization\",\"name\":\"The Getaway Van\",\"url\":\"https:\/\/the-getaway-van.com\/es\/\",\"logo\":{\"@type\":\"ImageObject\",\"inLanguage\":\"es\",\"@id\":\"https:\/\/the-getaway-van.com\/es\/#\/schema\/logo\/image\/\",\"url\":\"https:\/\/the-getaway-van.com\/wp-content\/uploads\/2020\/02\/TGV-logo.png\",\"contentUrl\":\"https:\/\/the-getaway-van.com\/wp-content\/uploads\/2020\/02\/TGV-logo.png\",\"width\":512,\"height\":512,\"caption\":\"The Getaway Van\"},\"image\":{\"@id\":\"https:\/\/the-getaway-van.com\/es\/#\/schema\/logo\/image\/\"},\"sameAs\":[\"https:\/\/www.facebook.com\/getawayvan\/\",\"https:\/\/x.com\/getaway_van\",\"https:\/\/www.instagram.com\/getawayvan\/\",\"https:\/\/www.linkedin.com\/company\/the-getaway-van\/\",\"https:\/\/www.pinterest.co.uk\/getawayvan\/\",\"https:\/\/www.youtube.com\/channel\/UCJwXGtMRaMw2D2NyDSW7slA\/\"]}]}<\/script>\n<!-- \/ Yoast SEO plugin. -->","yoast_head_json":{"title":"Pol\u00edtica de cookies - The Getaway Van","description":"Todo lo que necesitas saber sobre la pol\u00edtica de cookies de la p\u00e1gina de The Getaway Van.","robots":{"index":"index","follow":"follow","max-snippet":"max-snippet:-1","max-image-preview":"max-image-preview:large","max-video-preview":"max-video-preview:-1"},"canonical":"https:\/\/the-getaway-van.com\/es\/politica-de-cookies\/","og_locale":"es_ES","og_type":"article","og_title":"Pol\u00edtica de cookies - The Getaway Van","og_description":"Todo lo que necesitas saber sobre la pol\u00edtica de cookies de la p\u00e1gina de The Getaway Van.","og_url":"https:\/\/the-getaway-van.com\/es\/politica-de-cookies\/","og_site_name":"The Getaway Van","article_publisher":"https:\/\/www.facebook.com\/getawayvan\/","article_modified_time":"2021-04-12T12:36:57+00:00","twitter_card":"summary_large_image","twitter_site":"@getaway_van","twitter_misc":{"Tiempo de lectura":"2 minutos"},"schema":{"@context":"https:\/\/schema.org","@graph":[{"@type":"WebPage","@id":"https:\/\/the-getaway-van.com\/es\/politica-de-cookies\/","url":"https:\/\/the-getaway-van.com\/es\/politica-de-cookies\/","name":"Pol\u00edtica de cookies - The Getaway Van","isPartOf":{"@id":"https:\/\/the-getaway-van.com\/es\/#website"},"datePublished":"2021-04-12T12:31:24+00:00","dateModified":"2021-04-12T12:36:57+00:00","description":"Todo lo que necesitas saber sobre la pol\u00edtica de cookies de la p\u00e1gina de The Getaway Van.","breadcrumb":{"@id":"https:\/\/the-getaway-van.com\/es\/politica-de-cookies\/#breadcrumb"},"inLanguage":"es","potentialAction":[{"@type":"ReadAction","target":["https:\/\/the-getaway-van.com\/es\/politica-de-cookies\/"]}]},{"@type":"BreadcrumbList","@id":"https:\/\/the-getaway-van.com\/es\/politica-de-cookies\/#breadcrumb","itemListElement":[{"@type":"ListItem","position":1,"name":"Home","item":"https:\/\/the-getaway-van.com\/es\/"},{"@type":"ListItem","position":2,"name":"Pol\u00edtica de cookies"}]},{"@type":"WebSite","@id":"https:\/\/the-getaway-van.com\/es\/#website","url":"https:\/\/the-getaway-van.com\/es\/","name":"The Getaway Van","description":"Aluguer de Autocaravanas","publisher":{"@id":"https:\/\/the-getaway-van.com\/es\/#organization"},"potentialAction":[{"@type":"SearchAction","target":{"@type":"EntryPoint","urlTemplate":"https:\/\/the-getaway-van.com\/es\/?s={search_term_string}"},"query-input":{"@type":"PropertyValueSpecification","valueRequired":true,"valueName":"search_term_string"}}],"inLanguage":"es"},{"@type":"Organization","@id":"https:\/\/the-getaway-van.com\/es\/#organization","name":"The Getaway Van","url":"https:\/\/the-getaway-van.com\/es\/","logo":{"@type":"ImageObject","inLanguage":"es","@id":"https:\/\/the-getaway-van.com\/es\/#\/schema\/logo\/image\/","url":"https:\/\/the-getaway-van.com\/wp-content\/uploads\/2020\/02\/TGV-logo.png","contentUrl":"https:\/\/the-getaway-van.com\/wp-content\/uploads\/2020\/02\/TGV-logo.png","width":512,"height":512,"caption":"The Getaway Van"},"image":{"@id":"https:\/\/the-getaway-van.com\/es\/#\/schema\/logo\/image\/"},"sameAs":["https:\/\/www.facebook.com\/getawayvan\/","https:\/\/x.com\/getaway_van","https:\/\/www.instagram.com\/getawayvan\/","https:\/\/www.linkedin.com\/company\/the-getaway-van\/","https:\/\/www.pinterest.co.uk\/getawayvan\/","https:\/\/www.youtube.com\/channel\/UCJwXGtMRaMw2D2NyDSW7slA\/"]}]}},"_links":{"self":[{"href":"https:\/\/the-getaway-van.com\/es\/wp-json\/wp\/v2\/pages\/8007","targetHints":{"allow":["GET"]}}],"collection":[{"href":"https:\/\/the-getaway-van.com\/es\/wp-json\/wp\/v2\/pages"}],"about":[{"href":"https:\/\/the-getaway-van.com\/es\/wp-json\/wp\/v2\/types\/page"}],"author":[{"embeddable":true,"href":"https:\/\/the-getaway-van.com\/es\/wp-json\/wp\/v2\/users\/5"}],"replies":[{"embeddable":true,"href":"https:\/\/the-getaway-van.com\/es\/wp-json\/wp\/v2\/comments?post=8007"}],"version-history":[{"count":0,"href":"https:\/\/the-getaway-van.com\/es\/wp-json\/wp\/v2\/pages\/8007\/revisions"}],"wp:attachment":[{"href":"https:\/\/the-getaway-van.com\/es\/wp-json\/wp\/v2\/media?parent=8007"}],"curies":[{"name":"wp","href":"https:\/\/api.w.org\/{rel}","templated":true}]}}