{"id":1304,"date":"2017-03-06T18:23:57","date_gmt":"2017-03-06T18:23:57","guid":{"rendered":"http:\/\/getawayvan.wpengine.com\/warum-caravanning\/"},"modified":"2017-09-25T22:13:20","modified_gmt":"2017-09-25T22:13:20","slug":"por-que-viajar-en-autocaravana","status":"publish","type":"page","link":"https:\/\/the-getaway-van.com\/es\/por-que-viajar-en-autocaravana\/","title":{"rendered":"Por qu\u00e9 viajar en autocaravana"},"content":{"rendered":"\t\t<div data-elementor-type=\"wp-post\" data-elementor-id=\"1304\" class=\"elementor elementor-1304 elementor-bc-flex-widget\" data-elementor-post-type=\"page\">\n\t\t\t\t\t\t<section class=\"elementor-section elementor-top-section elementor-element elementor-element-xdz6jp3 elementor-section-stretched elementor-section-height-min-height elementor-section-full_width elementor-section-height-default elementor-section-items-middle\" data-id=\"xdz6jp3\" data-element_type=\"section\" data-settings=\"{&quot;stretch_section&quot;:&quot;section-stretched&quot;,&quot;background_background&quot;:&quot;classic&quot;,&quot;shape_divider_bottom&quot;:&quot;opacity-tilt&quot;}\">\n\t\t\t\t\t<div class=\"elementor-shape elementor-shape-bottom\" data-negative=\"false\">\n\t\t\t<svg xmlns=\"http:\/\/www.w3.org\/2000\/svg\" viewBox=\"0 0 2600 131.1\" preserveAspectRatio=\"none\">\n\t<path class=\"elementor-shape-fill\" d=\"M0 0L2600 0 2600 69.1 0 0z\"\/>\n\t<path class=\"elementor-shape-fill\" style=\"opacity:0.5\" d=\"M0 0L2600 0 2600 69.1 0 69.1z\"\/>\n\t<path class=\"elementor-shape-fill\" style=\"opacity:0.25\" d=\"M2600 0L0 0 0 130.1 2600 69.1z\"\/>\n<\/svg>\t\t<\/div>\n\t\t\t\t\t<div class=\"elementor-container elementor-column-gap-default\">\n\t\t\t\t\t<div class=\"elementor-column elementor-col-100 elementor-top-column elementor-element elementor-element-cmstvzw\" data-id=\"cmstvzw\" data-element_type=\"column\">\n\t\t\t<div class=\"elementor-widget-wrap elementor-element-populated\">\n\t\t\t\t\t\t<div class=\"elementor-element elementor-element-818923v elementor-widget elementor-widget-heading\" data-id=\"818923v\" data-element_type=\"widget\" data-widget_type=\"heading.default\">\n\t\t\t\t<div class=\"elementor-widget-container\">\n\t\t\t\t\t<h1 class=\"elementor-heading-title elementor-size-default\">Por qu\u00e9 viajar en autocaravana<\/h1>\t\t\t\t<\/div>\n\t\t\t\t<\/div>\n\t\t\t\t\t<\/div>\n\t\t<\/div>\n\t\t\t\t\t<\/div>\n\t\t<\/section>\n\t\t\t\t<section class=\"elementor-section elementor-top-section elementor-element elementor-element-1ztmfjp elementor-section-stretched elementor-section-boxed elementor-section-height-default elementor-section-height-default\" data-id=\"1ztmfjp\" data-element_type=\"section\" data-settings=\"{&quot;stretch_section&quot;:&quot;section-stretched&quot;,&quot;background_background&quot;:&quot;classic&quot;}\">\n\t\t\t\t\t\t<div class=\"elementor-container elementor-column-gap-default\">\n\t\t\t\t\t<div class=\"elementor-column elementor-col-33 elementor-top-column elementor-element elementor-element-hep8qvp\" data-id=\"hep8qvp\" data-element_type=\"column\">\n\t\t\t<div class=\"elementor-widget-wrap elementor-element-populated\">\n\t\t\t\t\t\t<div class=\"elementor-element elementor-element-paw07sm elementor-widget elementor-widget-image\" data-id=\"paw07sm\" data-element_type=\"widget\" data-widget_type=\"image.default\">\n\t\t\t\t<div class=\"elementor-widget-container\">\n\t\t\t\t\t\t\t\t\t\t\t\t\t\t\t<img fetchpriority=\"high\" decoding=\"async\" width=\"1024\" height=\"683\" src=\"https:\/\/the-getaway-van.com\/wp-content\/uploads\/2017\/03\/why-caranving-in-portugal-campervan-interior-family-trip-1024x683.jpg\" class=\"attachment-large size-large wp-image-848\" alt=\"Campervan rental - family trip\" srcset=\"https:\/\/the-getaway-van.com\/wp-content\/uploads\/2017\/03\/why-caranving-in-portugal-campervan-interior-family-trip-1024x683.jpg 1024w, https:\/\/the-getaway-van.com\/wp-content\/uploads\/2017\/03\/why-caranving-in-portugal-campervan-interior-family-trip-300x200.jpg 300w, https:\/\/the-getaway-van.com\/wp-content\/uploads\/2017\/03\/why-caranving-in-portugal-campervan-interior-family-trip-768x512.jpg 768w, https:\/\/the-getaway-van.com\/wp-content\/uploads\/2017\/03\/why-caranving-in-portugal-campervan-interior-family-trip.jpg 1920w\" sizes=\"(max-width: 1024px) 100vw, 1024px\" \/>\t\t\t\t\t\t\t\t\t\t\t\t\t\t\t<\/div>\n\t\t\t\t<\/div>\n\t\t\t\t<div class=\"elementor-element elementor-element-6z3nw8j elementor-widget elementor-widget-heading\" data-id=\"6z3nw8j\" data-element_type=\"widget\" data-widget_type=\"heading.default\">\n\t\t\t\t<div class=\"elementor-widget-container\">\n\t\t\t\t\t<h2 class=\"elementor-heading-title elementor-size-default\">2 en 1, transporte y alojamiento<\/h2>\t\t\t\t<\/div>\n\t\t\t\t<\/div>\n\t\t\t\t<div class=\"elementor-element elementor-element-44dysgq elementor-widget elementor-widget-text-editor\" data-id=\"44dysgq\" data-element_type=\"widget\" data-widget_type=\"text-editor.default\">\n\t\t\t\t<div class=\"elementor-widget-container\">\n\t\t\t\t\t\t\t\t\t<p>Una opci\u00f3n de vacaciones econ\u00f3mica para familias y grupos peque\u00f1os que te permite trasladarte donde quieras. Cuando llegues a tu destino, solo tienes que aparcar la campervan donde prefieras e instalarte como si estuvieras en casa.<\/p>\t\t\t\t\t\t\t\t<\/div>\n\t\t\t\t<\/div>\n\t\t\t\t\t<\/div>\n\t\t<\/div>\n\t\t\t\t<div class=\"elementor-column elementor-col-33 elementor-top-column elementor-element elementor-element-ff2h3dh\" data-id=\"ff2h3dh\" data-element_type=\"column\">\n\t\t\t<div class=\"elementor-widget-wrap elementor-element-populated\">\n\t\t\t\t\t\t<div class=\"elementor-element elementor-element-k6so1hp elementor-widget elementor-widget-image\" data-id=\"k6so1hp\" data-element_type=\"widget\" data-widget_type=\"image.default\">\n\t\t\t\t<div class=\"elementor-widget-container\">\n\t\t\t\t\t\t\t\t\t\t\t\t\t\t\t<img decoding=\"async\" width=\"800\" height=\"533\" src=\"https:\/\/the-getaway-van.com\/wp-content\/uploads\/2017\/07\/Getaway_3.jpg\" class=\"attachment-large size-large wp-image-913\" alt=\"\" srcset=\"https:\/\/the-getaway-van.com\/wp-content\/uploads\/2017\/07\/Getaway_3.jpg 800w, https:\/\/the-getaway-van.com\/wp-content\/uploads\/2017\/07\/Getaway_3-300x200.jpg 300w, https:\/\/the-getaway-van.com\/wp-content\/uploads\/2017\/07\/Getaway_3-768x512.jpg 768w\" sizes=\"(max-width: 800px) 100vw, 800px\" \/>\t\t\t\t\t\t\t\t\t\t\t\t\t\t\t<\/div>\n\t\t\t\t<\/div>\n\t\t\t\t<div class=\"elementor-element elementor-element-4wv5l5k elementor-widget elementor-widget-heading\" data-id=\"4wv5l5k\" data-element_type=\"widget\" data-widget_type=\"heading.default\">\n\t\t\t\t<div class=\"elementor-widget-container\">\n\t\t\t\t\t<h2 class=\"elementor-heading-title elementor-size-default\">Libertad <br>sobre ruedas<\/h2>\t\t\t\t<\/div>\n\t\t\t\t<\/div>\n\t\t\t\t<div class=\"elementor-element elementor-element-2onr5fk elementor-widget elementor-widget-text-editor\" data-id=\"2onr5fk\" data-element_type=\"widget\" data-widget_type=\"text-editor.default\">\n\t\t\t\t<div class=\"elementor-widget-container\">\n\t\t\t\t\t\t\t\t\t<p>Viajar sin ning\u00fan tipo de restricci\u00f3n. Sin reservas de hoteles, horarios de check-in ni programas previamente pagados que cumplir. \u00a1T\u00fa escoges!<\/p>\t\t\t\t\t\t\t\t<\/div>\n\t\t\t\t<\/div>\n\t\t\t\t\t<\/div>\n\t\t<\/div>\n\t\t\t\t<div class=\"elementor-column elementor-col-33 elementor-top-column elementor-element elementor-element-l9va1yq\" data-id=\"l9va1yq\" data-element_type=\"column\">\n\t\t\t<div class=\"elementor-widget-wrap elementor-element-populated\">\n\t\t\t\t\t\t<div class=\"elementor-element elementor-element-yc72svo elementor-widget elementor-widget-image\" data-id=\"yc72svo\" data-element_type=\"widget\" data-widget_type=\"image.default\">\n\t\t\t\t<div class=\"elementor-widget-container\">\n\t\t\t\t\t\t\t\t\t\t\t\t\t\t\t<img decoding=\"async\" width=\"1024\" height=\"681\" src=\"https:\/\/the-getaway-van.com\/wp-content\/uploads\/2017\/07\/why-caranvaning-in-portugal-widht-freedom-campervans-rental-1024x681.jpg\" class=\"attachment-large size-large wp-image-850\" alt=\"\" srcset=\"https:\/\/the-getaway-van.com\/wp-content\/uploads\/2017\/07\/why-caranvaning-in-portugal-widht-freedom-campervans-rental-1024x681.jpg 1024w, https:\/\/the-getaway-van.com\/wp-content\/uploads\/2017\/07\/why-caranvaning-in-portugal-widht-freedom-campervans-rental-300x199.jpg 300w, https:\/\/the-getaway-van.com\/wp-content\/uploads\/2017\/07\/why-caranvaning-in-portugal-widht-freedom-campervans-rental-768x510.jpg 768w, https:\/\/the-getaway-van.com\/wp-content\/uploads\/2017\/07\/why-caranvaning-in-portugal-widht-freedom-campervans-rental.jpg 1920w\" sizes=\"(max-width: 1024px) 100vw, 1024px\" \/>\t\t\t\t\t\t\t\t\t\t\t\t\t\t\t<\/div>\n\t\t\t\t<\/div>\n\t\t\t\t<div class=\"elementor-element elementor-element-8ww8p4e elementor-widget elementor-widget-heading\" data-id=\"8ww8p4e\" data-element_type=\"widget\" data-widget_type=\"heading.default\">\n\t\t\t\t<div class=\"elementor-widget-container\">\n\t\t\t\t\t<h2 class=\"elementor-heading-title elementor-size-default\">M\u00e1s cerca de la naturaleza<\/h2>\t\t\t\t<\/div>\n\t\t\t\t<\/div>\n\t\t\t\t<div class=\"elementor-element elementor-element-9ybguxi elementor-widget elementor-widget-text-editor\" data-id=\"9ybguxi\" data-element_type=\"widget\" data-widget_type=\"text-editor.default\">\n\t\t\t\t<div class=\"elementor-widget-container\">\n\t\t\t\t\t\t\t\t\t<p>Dormir bajo las estrellas, levantarse en medio de las monta\u00f1as o desayunar al lado del mar. Una campervan es la compa\u00f1era perfecta para actividades al aire libre en la Naturaleza. \u00a1Toma tu equipaje y parte hacia la aventura!<\/p>\t\t\t\t\t\t\t\t<\/div>\n\t\t\t\t<\/div>\n\t\t\t\t\t<\/div>\n\t\t<\/div>\n\t\t\t\t\t<\/div>\n\t\t<\/section>\n\t\t\t\t<section class=\"elementor-section elementor-top-section elementor-element elementor-element-52hhfe4 elementor-section-stretched elementor-section-full_width elementor-section-height-min-height elementor-section-height-default elementor-section-items-middle\" data-id=\"52hhfe4\" data-element_type=\"section\" data-settings=\"{&quot;stretch_section&quot;:&quot;section-stretched&quot;,&quot;background_background&quot;:&quot;classic&quot;}\">\n\t\t\t\t\t\t<div class=\"elementor-container elementor-column-gap-default\">\n\t\t\t\t\t<div class=\"elementor-column elementor-col-100 elementor-top-column elementor-element elementor-element-qzciubh\" data-id=\"qzciubh\" data-element_type=\"column\">\n\t\t\t<div class=\"elementor-widget-wrap elementor-element-populated\">\n\t\t\t\t\t\t<div class=\"elementor-element elementor-element-0xkwcwh elementor-align-center elementor-widget elementor-widget-button\" data-id=\"0xkwcwh\" data-element_type=\"widget\" data-widget_type=\"button.default\">\n\t\t\t\t<div class=\"elementor-widget-container\">\n\t\t\t\t\t\t\t\t\t<div class=\"elementor-button-wrapper\">\n\t\t\t\t\t<a class=\"elementor-button elementor-button-link elementor-size-sm\" href=\"https:\/\/the-getaway-van.com\/es\/obtener-cotizacion\/\">\n\t\t\t\t\t\t<span class=\"elementor-button-content-wrapper\">\n\t\t\t\t\t\t\t\t\t<span class=\"elementor-button-text\">Obtener cotizacion<\/span>\n\t\t\t\t\t<\/span>\n\t\t\t\t\t<\/a>\n\t\t\t\t<\/div>\n\t\t\t\t\t\t\t\t<\/div>\n\t\t\t\t<\/div>\n\t\t\t\t\t<\/div>\n\t\t<\/div>\n\t\t\t\t\t<\/div>\n\t\t<\/section>\n\t\t\t\t<\/div>\n\t\t","protected":false},"excerpt":{"rendered":"<p>&nbsp; Por qu\u00e9 viajar en autocaravana 2 en 1, transporte y alojamiento Una opci\u00f3n de vacaciones econ\u00f3mica para familias y grupos peque\u00f1os que te permite trasladarte donde quieras. Cuando llegues a tu destino, solo tienes que aparcar la campervan donde prefieras e instalarte como si estuvieras en casa. Libertad sobre ruedas Viajar sin ning\u00fan tipo [&hellip;]<\/p>\n","protected":false},"author":1,"featured_media":0,"parent":0,"menu_order":141,"comment_status":"closed","ping_status":"closed","template":"","meta":{"_acf_changed":false,"footnotes":""},"class_list":["post-1304","page","type-page","status-publish","hentry"],"acf":[],"yoast_head":"<!-- This site is optimized with the Yoast SEO plugin v24.4 - https:\/\/yoast.com\/wordpress\/plugins\/seo\/ -->\n<title>Por qu\u00e9 viajar en autocaravana - The Getaway Van<\/title>\n<meta name=\"robots\" content=\"index, follow, max-snippet:-1, max-image-preview:large, max-video-preview:-1\" \/>\n<link rel=\"canonical\" href=\"https:\/\/the-getaway-van.com\/es\/por-que-viajar-en-autocaravana\/\" \/>\n<meta property=\"og:locale\" content=\"es_ES\" \/>\n<meta property=\"og:type\" content=\"article\" \/>\n<meta property=\"og:title\" content=\"Por qu\u00e9 viajar en autocaravana - The Getaway Van\" \/>\n<meta property=\"og:description\" content=\"&nbsp; Por qu\u00e9 viajar en autocaravana 2 en 1, transporte y alojamiento Una opci\u00f3n de vacaciones econ\u00f3mica para familias y grupos peque\u00f1os que te permite trasladarte donde quieras. Cuando llegues a tu destino, solo tienes que aparcar la campervan donde prefieras e instalarte como si estuvieras en casa. Libertad sobre ruedas Viajar sin ning\u00fan tipo [&hellip;]\" \/>\n<meta property=\"og:url\" content=\"https:\/\/the-getaway-van.com\/es\/por-que-viajar-en-autocaravana\/\" \/>\n<meta property=\"og:site_name\" content=\"The Getaway Van\" \/>\n<meta property=\"article:publisher\" content=\"https:\/\/www.facebook.com\/getawayvan\/\" \/>\n<meta property=\"article:modified_time\" content=\"2017-09-25T22:13:20+00:00\" \/>\n<meta property=\"og:image\" content=\"http:\/\/getawayvan.wpengine.com\/wp-content\/uploads\/2017\/03\/why-caranving-in-portugal-campervan-interior-family-trip-1024x683.jpg\" \/>\n<meta name=\"twitter:card\" content=\"summary_large_image\" \/>\n<meta name=\"twitter:site\" content=\"@getaway_van\" \/>\n<meta name=\"twitter:label1\" content=\"Tiempo de lectura\" \/>\n\t<meta name=\"twitter:data1\" content=\"1 minuto\" \/>\n<script type=\"application\/ld+json\" class=\"yoast-schema-graph\">{\"@context\":\"https:\/\/schema.org\",\"@graph\":[{\"@type\":\"WebPage\",\"@id\":\"https:\/\/the-getaway-van.com\/es\/por-que-viajar-en-autocaravana\/\",\"url\":\"https:\/\/the-getaway-van.com\/es\/por-que-viajar-en-autocaravana\/\",\"name\":\"Por qu\u00e9 viajar en autocaravana - The Getaway Van\",\"isPartOf\":{\"@id\":\"https:\/\/the-getaway-van.com\/es\/#website\"},\"primaryImageOfPage\":{\"@id\":\"https:\/\/the-getaway-van.com\/es\/por-que-viajar-en-autocaravana\/#primaryimage\"},\"image\":{\"@id\":\"https:\/\/the-getaway-van.com\/es\/por-que-viajar-en-autocaravana\/#primaryimage\"},\"thumbnailUrl\":\"http:\/\/getawayvan.wpengine.com\/wp-content\/uploads\/2017\/03\/why-caranving-in-portugal-campervan-interior-family-trip-1024x683.jpg\",\"datePublished\":\"2017-03-06T18:23:57+00:00\",\"dateModified\":\"2017-09-25T22:13:20+00:00\",\"breadcrumb\":{\"@id\":\"https:\/\/the-getaway-van.com\/es\/por-que-viajar-en-autocaravana\/#breadcrumb\"},\"inLanguage\":\"es\",\"potentialAction\":[{\"@type\":\"ReadAction\",\"target\":[\"https:\/\/the-getaway-van.com\/es\/por-que-viajar-en-autocaravana\/\"]}]},{\"@type\":\"ImageObject\",\"inLanguage\":\"es\",\"@id\":\"https:\/\/the-getaway-van.com\/es\/por-que-viajar-en-autocaravana\/#primaryimage\",\"url\":\"http:\/\/getawayvan.wpengine.com\/wp-content\/uploads\/2017\/03\/why-caranving-in-portugal-campervan-interior-family-trip-1024x683.jpg\",\"contentUrl\":\"http:\/\/getawayvan.wpengine.com\/wp-content\/uploads\/2017\/03\/why-caranving-in-portugal-campervan-interior-family-trip-1024x683.jpg\"},{\"@type\":\"BreadcrumbList\",\"@id\":\"https:\/\/the-getaway-van.com\/es\/por-que-viajar-en-autocaravana\/#breadcrumb\",\"itemListElement\":[{\"@type\":\"ListItem\",\"position\":1,\"name\":\"Home\",\"item\":\"https:\/\/the-getaway-van.com\/es\/\"},{\"@type\":\"ListItem\",\"position\":2,\"name\":\"Por qu\u00e9 viajar en autocaravana\"}]},{\"@type\":\"WebSite\",\"@id\":\"https:\/\/the-getaway-van.com\/es\/#website\",\"url\":\"https:\/\/the-getaway-van.com\/es\/\",\"name\":\"The Getaway Van\",\"description\":\"Aluguer de Autocaravanas\",\"publisher\":{\"@id\":\"https:\/\/the-getaway-van.com\/es\/#organization\"},\"potentialAction\":[{\"@type\":\"SearchAction\",\"target\":{\"@type\":\"EntryPoint\",\"urlTemplate\":\"https:\/\/the-getaway-van.com\/es\/?s={search_term_string}\"},\"query-input\":{\"@type\":\"PropertyValueSpecification\",\"valueRequired\":true,\"valueName\":\"search_term_string\"}}],\"inLanguage\":\"es\"},{\"@type\":\"Organization\",\"@id\":\"https:\/\/the-getaway-van.com\/es\/#organization\",\"name\":\"The Getaway Van\",\"url\":\"https:\/\/the-getaway-van.com\/es\/\",\"logo\":{\"@type\":\"ImageObject\",\"inLanguage\":\"es\",\"@id\":\"https:\/\/the-getaway-van.com\/es\/#\/schema\/logo\/image\/\",\"url\":\"https:\/\/the-getaway-van.com\/wp-content\/uploads\/2020\/02\/TGV-logo.png\",\"contentUrl\":\"https:\/\/the-getaway-van.com\/wp-content\/uploads\/2020\/02\/TGV-logo.png\",\"width\":512,\"height\":512,\"caption\":\"The Getaway Van\"},\"image\":{\"@id\":\"https:\/\/the-getaway-van.com\/es\/#\/schema\/logo\/image\/\"},\"sameAs\":[\"https:\/\/www.facebook.com\/getawayvan\/\",\"https:\/\/x.com\/getaway_van\",\"https:\/\/www.instagram.com\/getawayvan\/\",\"https:\/\/www.linkedin.com\/company\/the-getaway-van\/\",\"https:\/\/www.pinterest.co.uk\/getawayvan\/\",\"https:\/\/www.youtube.com\/channel\/UCJwXGtMRaMw2D2NyDSW7slA\/\"]}]}<\/script>\n<!-- \/ Yoast SEO plugin. -->","yoast_head_json":{"title":"Por qu\u00e9 viajar en autocaravana - The Getaway Van","robots":{"index":"index","follow":"follow","max-snippet":"max-snippet:-1","max-image-preview":"max-image-preview:large","max-video-preview":"max-video-preview:-1"},"canonical":"https:\/\/the-getaway-van.com\/es\/por-que-viajar-en-autocaravana\/","og_locale":"es_ES","og_type":"article","og_title":"Por qu\u00e9 viajar en autocaravana - The Getaway Van","og_description":"&nbsp; Por qu\u00e9 viajar en autocaravana 2 en 1, transporte y alojamiento Una opci\u00f3n de vacaciones econ\u00f3mica para familias y grupos peque\u00f1os que te permite trasladarte donde quieras. Cuando llegues a tu destino, solo tienes que aparcar la campervan donde prefieras e instalarte como si estuvieras en casa. Libertad sobre ruedas Viajar sin ning\u00fan tipo [&hellip;]","og_url":"https:\/\/the-getaway-van.com\/es\/por-que-viajar-en-autocaravana\/","og_site_name":"The Getaway Van","article_publisher":"https:\/\/www.facebook.com\/getawayvan\/","article_modified_time":"2017-09-25T22:13:20+00:00","og_image":[{"url":"http:\/\/getawayvan.wpengine.com\/wp-content\/uploads\/2017\/03\/why-caranving-in-portugal-campervan-interior-family-trip-1024x683.jpg","type":"","width":"","height":""}],"twitter_card":"summary_large_image","twitter_site":"@getaway_van","twitter_misc":{"Tiempo de lectura":"1 minuto"},"schema":{"@context":"https:\/\/schema.org","@graph":[{"@type":"WebPage","@id":"https:\/\/the-getaway-van.com\/es\/por-que-viajar-en-autocaravana\/","url":"https:\/\/the-getaway-van.com\/es\/por-que-viajar-en-autocaravana\/","name":"Por qu\u00e9 viajar en autocaravana - The Getaway Van","isPartOf":{"@id":"https:\/\/the-getaway-van.com\/es\/#website"},"primaryImageOfPage":{"@id":"https:\/\/the-getaway-van.com\/es\/por-que-viajar-en-autocaravana\/#primaryimage"},"image":{"@id":"https:\/\/the-getaway-van.com\/es\/por-que-viajar-en-autocaravana\/#primaryimage"},"thumbnailUrl":"http:\/\/getawayvan.wpengine.com\/wp-content\/uploads\/2017\/03\/why-caranving-in-portugal-campervan-interior-family-trip-1024x683.jpg","datePublished":"2017-03-06T18:23:57+00:00","dateModified":"2017-09-25T22:13:20+00:00","breadcrumb":{"@id":"https:\/\/the-getaway-van.com\/es\/por-que-viajar-en-autocaravana\/#breadcrumb"},"inLanguage":"es","potentialAction":[{"@type":"ReadAction","target":["https:\/\/the-getaway-van.com\/es\/por-que-viajar-en-autocaravana\/"]}]},{"@type":"ImageObject","inLanguage":"es","@id":"https:\/\/the-getaway-van.com\/es\/por-que-viajar-en-autocaravana\/#primaryimage","url":"http:\/\/getawayvan.wpengine.com\/wp-content\/uploads\/2017\/03\/why-caranving-in-portugal-campervan-interior-family-trip-1024x683.jpg","contentUrl":"http:\/\/getawayvan.wpengine.com\/wp-content\/uploads\/2017\/03\/why-caranving-in-portugal-campervan-interior-family-trip-1024x683.jpg"},{"@type":"BreadcrumbList","@id":"https:\/\/the-getaway-van.com\/es\/por-que-viajar-en-autocaravana\/#breadcrumb","itemListElement":[{"@type":"ListItem","position":1,"name":"Home","item":"https:\/\/the-getaway-van.com\/es\/"},{"@type":"ListItem","position":2,"name":"Por qu\u00e9 viajar en autocaravana"}]},{"@type":"WebSite","@id":"https:\/\/the-getaway-van.com\/es\/#website","url":"https:\/\/the-getaway-van.com\/es\/","name":"The Getaway Van","description":"Aluguer de Autocaravanas","publisher":{"@id":"https:\/\/the-getaway-van.com\/es\/#organization"},"potentialAction":[{"@type":"SearchAction","target":{"@type":"EntryPoint","urlTemplate":"https:\/\/the-getaway-van.com\/es\/?s={search_term_string}"},"query-input":{"@type":"PropertyValueSpecification","valueRequired":true,"valueName":"search_term_string"}}],"inLanguage":"es"},{"@type":"Organization","@id":"https:\/\/the-getaway-van.com\/es\/#organization","name":"The Getaway Van","url":"https:\/\/the-getaway-van.com\/es\/","logo":{"@type":"ImageObject","inLanguage":"es","@id":"https:\/\/the-getaway-van.com\/es\/#\/schema\/logo\/image\/","url":"https:\/\/the-getaway-van.com\/wp-content\/uploads\/2020\/02\/TGV-logo.png","contentUrl":"https:\/\/the-getaway-van.com\/wp-content\/uploads\/2020\/02\/TGV-logo.png","width":512,"height":512,"caption":"The Getaway Van"},"image":{"@id":"https:\/\/the-getaway-van.com\/es\/#\/schema\/logo\/image\/"},"sameAs":["https:\/\/www.facebook.com\/getawayvan\/","https:\/\/x.com\/getaway_van","https:\/\/www.instagram.com\/getawayvan\/","https:\/\/www.linkedin.com\/company\/the-getaway-van\/","https:\/\/www.pinterest.co.uk\/getawayvan\/","https:\/\/www.youtube.com\/channel\/UCJwXGtMRaMw2D2NyDSW7slA\/"]}]}},"_links":{"self":[{"href":"https:\/\/the-getaway-van.com\/es\/wp-json\/wp\/v2\/pages\/1304","targetHints":{"allow":["GET"]}}],"collection":[{"href":"https:\/\/the-getaway-van.com\/es\/wp-json\/wp\/v2\/pages"}],"about":[{"href":"https:\/\/the-getaway-van.com\/es\/wp-json\/wp\/v2\/types\/page"}],"author":[{"embeddable":true,"href":"https:\/\/the-getaway-van.com\/es\/wp-json\/wp\/v2\/users\/1"}],"replies":[{"embeddable":true,"href":"https:\/\/the-getaway-van.com\/es\/wp-json\/wp\/v2\/comments?post=1304"}],"version-history":[{"count":0,"href":"https:\/\/the-getaway-van.com\/es\/wp-json\/wp\/v2\/pages\/1304\/revisions"}],"wp:attachment":[{"href":"https:\/\/the-getaway-van.com\/es\/wp-json\/wp\/v2\/media?parent=1304"}],"curies":[{"name":"wp","href":"https:\/\/api.w.org\/{rel}","templated":true}]}}