{"id":6173,"date":"2020-02-20T19:03:11","date_gmt":"2020-02-20T19:03:11","guid":{"rendered":"https:\/\/the-getaway-van.com\/cookie-bestimmungen\/"},"modified":"2020-02-20T19:03:12","modified_gmt":"2020-02-20T19:03:12","slug":"cookie-bestimmungen","status":"publish","type":"page","link":"https:\/\/the-getaway-van.com\/de\/cookie-bestimmungen\/","title":{"rendered":"Cookie-Bestimmungen"},"content":{"rendered":"\t\t<div data-elementor-type=\"wp-page\" data-elementor-id=\"6173\" class=\"elementor elementor-6173 elementor-5044\" data-elementor-post-type=\"page\">\n\t\t\t\t\t\t<section class=\"elementor-section elementor-top-section elementor-element elementor-element-cffd4ef elementor-section-boxed elementor-section-height-default elementor-section-height-default\" data-id=\"cffd4ef\" data-element_type=\"section\">\n\t\t\t\t\t\t<div class=\"elementor-container elementor-column-gap-default\">\n\t\t\t\t\t<div class=\"elementor-column elementor-col-25 elementor-top-column elementor-element elementor-element-b6a3048\" data-id=\"b6a3048\" data-element_type=\"column\">\n\t\t\t<div class=\"elementor-widget-wrap\">\n\t\t\t\t\t\t\t<\/div>\n\t\t<\/div>\n\t\t\t\t<div class=\"elementor-column elementor-col-50 elementor-top-column elementor-element elementor-element-2e6af6a\" data-id=\"2e6af6a\" data-element_type=\"column\">\n\t\t\t<div class=\"elementor-widget-wrap elementor-element-populated\">\n\t\t\t\t\t\t<div class=\"elementor-element elementor-element-9d356c0 elementor-widget elementor-widget-heading\" data-id=\"9d356c0\" data-element_type=\"widget\" data-widget_type=\"heading.default\">\n\t\t\t\t<div class=\"elementor-widget-container\">\n\t\t\t\t\t<h1 class=\"elementor-heading-title elementor-size-default\">Cookie-Bestimmungen\n<\/h1>\t\t\t\t<\/div>\n\t\t\t\t<\/div>\n\t\t\t\t<div class=\"elementor-element elementor-element-0c2cf9b elementor-widget elementor-widget-heading\" data-id=\"0c2cf9b\" data-element_type=\"widget\" data-widget_type=\"heading.default\">\n\t\t\t\t<div class=\"elementor-widget-container\">\n\t\t\t\t\t<h2 class=\"elementor-heading-title elementor-size-default\">Was sind Cookies?\n<\/h2>\t\t\t\t<\/div>\n\t\t\t\t<\/div>\n\t\t\t\t<div class=\"elementor-element elementor-element-3ffcdef elementor-widget elementor-widget-text-editor\" data-id=\"3ffcdef\" data-element_type=\"widget\" data-widget_type=\"text-editor.default\">\n\t\t\t\t<div class=\"elementor-widget-container\">\n\t\t\t\t\t\t\t\t\t<p>Cookies sind kleine Datendateien, die auf Ihrem Computer installiert werden, wenn Sie eine Online-Website besuchen. Diese werden verwendet, um bestimmte Browsing-Interaktionen auf dieser Website aufzuzeichnen und um Daten zu speichern, die aktualisiert und abgerufen werden k\u00f6nnen. Diese Dateien werden auf dem Endger\u00e4t des Benutzers gespeichert und enthalten anonyme Daten. Sie sind harmlos. Cookies werden verwendet, um die Benutzereinstellungen zu speichern, wie z. B.<\/p>\n<p>die ausgew\u00e4hlte Sprache, die Zugangsdaten oder die Personalisierung einer Seite. Cookies k\u00f6nnen auch verwendet werden, um anonyme Informationen dar\u00fcber aufzuzeichnen, wie der Benutzer mit der Website interagiert. Dies umfasst beispielsweise die Seiten, auf die der Benutzer zugegriffen hat, wenn er die Seite \u00fcber ein Werbebanner erreicht hat usw.<\/p>\n\t\t\t\t\t\t\t\t<\/div>\n\t\t\t\t<\/div>\n\t\t\t\t<div class=\"elementor-element elementor-element-f110378 elementor-widget elementor-widget-heading\" data-id=\"f110378\" data-element_type=\"widget\" data-widget_type=\"heading.default\">\n\t\t\t\t<div class=\"elementor-widget-container\">\n\t\t\t\t\t<h2 class=\"elementor-heading-title elementor-size-default\">Warum verwendet THE GETAWAY VAN, LDA Cookies?\n<\/h2>\t\t\t\t<\/div>\n\t\t\t\t<\/div>\n\t\t\t\t<div class=\"elementor-element elementor-element-6e18fd4 elementor-widget elementor-widget-text-editor\" data-id=\"6e18fd4\" data-element_type=\"widget\" data-widget_type=\"text-editor.default\">\n\t\t\t\t<div class=\"elementor-widget-container\">\n\t\t\t\t\t\t\t\t\t<p>THE GETAWAY VAN, LDA verwendet Cookies auf unserer Website. Dies ist unbedingt erforderlich und unerl\u00e4sslich, um dem Nutzer ein besseres Browsen zu erm\u00f6glichen. Diese Cookies speichern Informationen wie Benutzereinstellungen und stellen anonyme Tracking-Daten f\u00fcr Anwendungen wie Google Analytics bereit.<br \/>\nUm den geltenden Gesetzen zu entsprechen, muss THE GETAWAY VAN, LDA Ihre Berechtigung zum Installieren unserer Cookies anfordern. Wenn Sie die Verwendung nicht genehmigen m\u00f6chten, verwendet THE GETAWAY VAN, LDA nur technische Cookies, da diese f\u00fcr die Navigation auf unserer Website unerl\u00e4sslich sind.<br \/>\nIn diesem Fall werden keine Cookies auf Ihrem Computer gespeichert.<br \/>\nWenn Sie weiterhin auf der Website surfen, ohne die Verwendung von Cookies zu verweigern, ist THE GETAWAY VAN, LDA der Ansicht, dass Sie der Verwendung zustimmen.<br \/>\nWir m\u00f6chten Sie daran erinnern, dass wir Ihre Einstellungen nicht beibehalten k\u00f6nnen, wenn wir Browsing-Cookies auf der Website ablehnen oder l\u00f6schen. In diesem Fall sind einige Funktionen der Seiten nicht verf\u00fcgbar. Wir k\u00f6nnen Ihnen keine angepassten Dienste anbieten. Wenn Sie auf unserer Website surfen, m\u00fcssen Sie erneut die Autorisierung f\u00fcr die Verwendung von Cookies beantragen.<br \/>\nWenn Sie dennoch die Zugriffskonfiguration f\u00fcr unsere Website \u00e4ndern m\u00f6chten, ist es wichtig, dass Sie wissen, dass Sie Cookies l\u00f6schen oder verhindern k\u00f6nnen, dass diese Informationen auf Ihrem Computer gespeichert werden. Dazu m\u00fcssen Sie lediglich die Konfigurationsparameter Ihres Browsers \u00e4ndern.<br \/>\nDar\u00fcber hinaus k\u00f6nnen Sie Ihre Einwilligung im Zusammenhang mit dieser Cookie-Richtlinie jederzeit widerrufen, indem Sie die auf Ihrem Computer gespeicherten Cookies \u00fcber die Konfigurationsoptionen Ihres Browsers l\u00f6schen.<\/p>\n\t\t\t\t\t\t\t\t<\/div>\n\t\t\t\t<\/div>\n\t\t\t\t\t<\/div>\n\t\t<\/div>\n\t\t\t\t<div class=\"elementor-column elementor-col-25 elementor-top-column elementor-element elementor-element-629bac5\" data-id=\"629bac5\" data-element_type=\"column\">\n\t\t\t<div class=\"elementor-widget-wrap\">\n\t\t\t\t\t\t\t<\/div>\n\t\t<\/div>\n\t\t\t\t\t<\/div>\n\t\t<\/section>\n\t\t\t\t<\/div>\n\t\t","protected":false},"excerpt":{"rendered":"<p>Cookie-Bestimmungen Was sind Cookies? Cookies sind kleine Datendateien, die auf Ihrem Computer installiert werden, wenn Sie eine Online-Website besuchen. Diese werden verwendet, um bestimmte Browsing-Interaktionen auf dieser Website aufzuzeichnen und um Daten zu speichern, die aktualisiert und abgerufen werden k\u00f6nnen. Diese Dateien werden auf dem Endger\u00e4t des Benutzers gespeichert und enthalten anonyme Daten. Sie sind [&hellip;]<\/p>\n","protected":false},"author":3,"featured_media":0,"parent":0,"menu_order":73,"comment_status":"closed","ping_status":"closed","template":"","meta":{"_acf_changed":false,"footnotes":""},"class_list":["post-6173","page","type-page","status-publish","hentry"],"acf":[],"yoast_head":"<!-- This site is optimized with the Yoast SEO plugin v24.4 - https:\/\/yoast.com\/wordpress\/plugins\/seo\/ -->\n<title>Cookie-Bestimmungen \u2013 The Getaway Van<\/title>\n<meta name=\"description\" content=\"Alles, was Sie \u00fcber die Datenschutzbestimmungen auf der Website von The Getaway Van wissen m\u00fcssen.\" \/>\n<meta name=\"robots\" content=\"index, follow, max-snippet:-1, max-image-preview:large, max-video-preview:-1\" \/>\n<link rel=\"canonical\" href=\"https:\/\/the-getaway-van.com\/de\/cookie-bestimmungen\/\" \/>\n<meta property=\"og:locale\" content=\"de_DE\" \/>\n<meta property=\"og:type\" content=\"article\" \/>\n<meta property=\"og:title\" content=\"Cookie-Bestimmungen \u2013 The Getaway Van\" \/>\n<meta property=\"og:description\" content=\"Alles, was Sie \u00fcber die Datenschutzbestimmungen auf der Website von The Getaway Van wissen m\u00fcssen.\" \/>\n<meta property=\"og:url\" content=\"https:\/\/the-getaway-van.com\/de\/cookie-bestimmungen\/\" \/>\n<meta property=\"og:site_name\" content=\"The Getaway Van\" \/>\n<meta property=\"article:publisher\" content=\"https:\/\/www.facebook.com\/getawayvan\/\" \/>\n<meta property=\"article:modified_time\" content=\"2020-02-20T19:03:12+00:00\" \/>\n<meta name=\"twitter:card\" content=\"summary_large_image\" \/>\n<meta name=\"twitter:site\" content=\"@getaway_van\" \/>\n<meta name=\"twitter:label1\" content=\"Gesch\u00e4tzte Lesezeit\" \/>\n\t<meta name=\"twitter:data1\" content=\"2 Minuten\" \/>\n<script type=\"application\/ld+json\" class=\"yoast-schema-graph\">{\"@context\":\"https:\/\/schema.org\",\"@graph\":[{\"@type\":\"WebPage\",\"@id\":\"https:\/\/the-getaway-van.com\/de\/cookie-bestimmungen\/\",\"url\":\"https:\/\/the-getaway-van.com\/de\/cookie-bestimmungen\/\",\"name\":\"Cookie-Bestimmungen \u2013 The Getaway Van\",\"isPartOf\":{\"@id\":\"https:\/\/the-getaway-van.com\/de\/#website\"},\"datePublished\":\"2020-02-20T19:03:11+00:00\",\"dateModified\":\"2020-02-20T19:03:12+00:00\",\"description\":\"Alles, was Sie \u00fcber die Datenschutzbestimmungen auf der Website von The Getaway Van wissen m\u00fcssen.\",\"breadcrumb\":{\"@id\":\"https:\/\/the-getaway-van.com\/de\/cookie-bestimmungen\/#breadcrumb\"},\"inLanguage\":\"de-DE\",\"potentialAction\":[{\"@type\":\"ReadAction\",\"target\":[\"https:\/\/the-getaway-van.com\/de\/cookie-bestimmungen\/\"]}]},{\"@type\":\"BreadcrumbList\",\"@id\":\"https:\/\/the-getaway-van.com\/de\/cookie-bestimmungen\/#breadcrumb\",\"itemListElement\":[{\"@type\":\"ListItem\",\"position\":1,\"name\":\"Home\",\"item\":\"https:\/\/the-getaway-van.com\/de\/\"},{\"@type\":\"ListItem\",\"position\":2,\"name\":\"Cookie-Bestimmungen\"}]},{\"@type\":\"WebSite\",\"@id\":\"https:\/\/the-getaway-van.com\/de\/#website\",\"url\":\"https:\/\/the-getaway-van.com\/de\/\",\"name\":\"The Getaway Van\",\"description\":\"Aluguer de Autocaravanas\",\"publisher\":{\"@id\":\"https:\/\/the-getaway-van.com\/de\/#organization\"},\"potentialAction\":[{\"@type\":\"SearchAction\",\"target\":{\"@type\":\"EntryPoint\",\"urlTemplate\":\"https:\/\/the-getaway-van.com\/de\/?s={search_term_string}\"},\"query-input\":{\"@type\":\"PropertyValueSpecification\",\"valueRequired\":true,\"valueName\":\"search_term_string\"}}],\"inLanguage\":\"de-DE\"},{\"@type\":\"Organization\",\"@id\":\"https:\/\/the-getaway-van.com\/de\/#organization\",\"name\":\"The Getaway Van\",\"url\":\"https:\/\/the-getaway-van.com\/de\/\",\"logo\":{\"@type\":\"ImageObject\",\"inLanguage\":\"de-DE\",\"@id\":\"https:\/\/the-getaway-van.com\/de\/#\/schema\/logo\/image\/\",\"url\":\"https:\/\/the-getaway-van.com\/wp-content\/uploads\/2020\/02\/TGV-logo.png\",\"contentUrl\":\"https:\/\/the-getaway-van.com\/wp-content\/uploads\/2020\/02\/TGV-logo.png\",\"width\":512,\"height\":512,\"caption\":\"The Getaway Van\"},\"image\":{\"@id\":\"https:\/\/the-getaway-van.com\/de\/#\/schema\/logo\/image\/\"},\"sameAs\":[\"https:\/\/www.facebook.com\/getawayvan\/\",\"https:\/\/x.com\/getaway_van\",\"https:\/\/www.instagram.com\/getawayvan\/\",\"https:\/\/www.linkedin.com\/company\/the-getaway-van\/\",\"https:\/\/www.pinterest.co.uk\/getawayvan\/\",\"https:\/\/www.youtube.com\/channel\/UCJwXGtMRaMw2D2NyDSW7slA\/\"]}]}<\/script>\n<!-- \/ Yoast SEO plugin. -->","yoast_head_json":{"title":"Cookie-Bestimmungen \u2013 The Getaway Van","description":"Alles, was Sie \u00fcber die Datenschutzbestimmungen auf der Website von The Getaway Van wissen m\u00fcssen.","robots":{"index":"index","follow":"follow","max-snippet":"max-snippet:-1","max-image-preview":"max-image-preview:large","max-video-preview":"max-video-preview:-1"},"canonical":"https:\/\/the-getaway-van.com\/de\/cookie-bestimmungen\/","og_locale":"de_DE","og_type":"article","og_title":"Cookie-Bestimmungen \u2013 The Getaway Van","og_description":"Alles, was Sie \u00fcber die Datenschutzbestimmungen auf der Website von The Getaway Van wissen m\u00fcssen.","og_url":"https:\/\/the-getaway-van.com\/de\/cookie-bestimmungen\/","og_site_name":"The Getaway Van","article_publisher":"https:\/\/www.facebook.com\/getawayvan\/","article_modified_time":"2020-02-20T19:03:12+00:00","twitter_card":"summary_large_image","twitter_site":"@getaway_van","twitter_misc":{"Gesch\u00e4tzte Lesezeit":"2 Minuten"},"schema":{"@context":"https:\/\/schema.org","@graph":[{"@type":"WebPage","@id":"https:\/\/the-getaway-van.com\/de\/cookie-bestimmungen\/","url":"https:\/\/the-getaway-van.com\/de\/cookie-bestimmungen\/","name":"Cookie-Bestimmungen \u2013 The Getaway Van","isPartOf":{"@id":"https:\/\/the-getaway-van.com\/de\/#website"},"datePublished":"2020-02-20T19:03:11+00:00","dateModified":"2020-02-20T19:03:12+00:00","description":"Alles, was Sie \u00fcber die Datenschutzbestimmungen auf der Website von The Getaway Van wissen m\u00fcssen.","breadcrumb":{"@id":"https:\/\/the-getaway-van.com\/de\/cookie-bestimmungen\/#breadcrumb"},"inLanguage":"de-DE","potentialAction":[{"@type":"ReadAction","target":["https:\/\/the-getaway-van.com\/de\/cookie-bestimmungen\/"]}]},{"@type":"BreadcrumbList","@id":"https:\/\/the-getaway-van.com\/de\/cookie-bestimmungen\/#breadcrumb","itemListElement":[{"@type":"ListItem","position":1,"name":"Home","item":"https:\/\/the-getaway-van.com\/de\/"},{"@type":"ListItem","position":2,"name":"Cookie-Bestimmungen"}]},{"@type":"WebSite","@id":"https:\/\/the-getaway-van.com\/de\/#website","url":"https:\/\/the-getaway-van.com\/de\/","name":"The Getaway Van","description":"Aluguer de Autocaravanas","publisher":{"@id":"https:\/\/the-getaway-van.com\/de\/#organization"},"potentialAction":[{"@type":"SearchAction","target":{"@type":"EntryPoint","urlTemplate":"https:\/\/the-getaway-van.com\/de\/?s={search_term_string}"},"query-input":{"@type":"PropertyValueSpecification","valueRequired":true,"valueName":"search_term_string"}}],"inLanguage":"de-DE"},{"@type":"Organization","@id":"https:\/\/the-getaway-van.com\/de\/#organization","name":"The Getaway Van","url":"https:\/\/the-getaway-van.com\/de\/","logo":{"@type":"ImageObject","inLanguage":"de-DE","@id":"https:\/\/the-getaway-van.com\/de\/#\/schema\/logo\/image\/","url":"https:\/\/the-getaway-van.com\/wp-content\/uploads\/2020\/02\/TGV-logo.png","contentUrl":"https:\/\/the-getaway-van.com\/wp-content\/uploads\/2020\/02\/TGV-logo.png","width":512,"height":512,"caption":"The Getaway Van"},"image":{"@id":"https:\/\/the-getaway-van.com\/de\/#\/schema\/logo\/image\/"},"sameAs":["https:\/\/www.facebook.com\/getawayvan\/","https:\/\/x.com\/getaway_van","https:\/\/www.instagram.com\/getawayvan\/","https:\/\/www.linkedin.com\/company\/the-getaway-van\/","https:\/\/www.pinterest.co.uk\/getawayvan\/","https:\/\/www.youtube.com\/channel\/UCJwXGtMRaMw2D2NyDSW7slA\/"]}]}},"_links":{"self":[{"href":"https:\/\/the-getaway-van.com\/de\/wp-json\/wp\/v2\/pages\/6173","targetHints":{"allow":["GET"]}}],"collection":[{"href":"https:\/\/the-getaway-van.com\/de\/wp-json\/wp\/v2\/pages"}],"about":[{"href":"https:\/\/the-getaway-van.com\/de\/wp-json\/wp\/v2\/types\/page"}],"author":[{"embeddable":true,"href":"https:\/\/the-getaway-van.com\/de\/wp-json\/wp\/v2\/users\/3"}],"replies":[{"embeddable":true,"href":"https:\/\/the-getaway-van.com\/de\/wp-json\/wp\/v2\/comments?post=6173"}],"version-history":[{"count":0,"href":"https:\/\/the-getaway-van.com\/de\/wp-json\/wp\/v2\/pages\/6173\/revisions"}],"wp:attachment":[{"href":"https:\/\/the-getaway-van.com\/de\/wp-json\/wp\/v2\/media?parent=6173"}],"curies":[{"name":"wp","href":"https:\/\/api.w.org\/{rel}","templated":true}]}}