{"id":6172,"date":"2020-02-20T18:52:07","date_gmt":"2020-02-20T18:52:07","guid":{"rendered":"https:\/\/the-getaway-van.com\/datenschutzbestimmungen\/"},"modified":"2020-11-27T23:05:12","modified_gmt":"2020-11-27T23:05:12","slug":"datenschutzbestimmungen","status":"publish","type":"page","link":"https:\/\/the-getaway-van.com\/de\/datenschutzbestimmungen\/","title":{"rendered":"Datenschutzbestimmungen"},"content":{"rendered":"\t\t<div data-elementor-type=\"wp-page\" data-elementor-id=\"6172\" class=\"elementor elementor-6172 elementor-5039\" data-elementor-post-type=\"page\">\n\t\t\t\t\t\t<section class=\"elementor-section elementor-top-section elementor-element elementor-element-4ab4b0a elementor-section-boxed elementor-section-height-default elementor-section-height-default\" data-id=\"4ab4b0a\" data-element_type=\"section\">\n\t\t\t\t\t\t<div class=\"elementor-container elementor-column-gap-default\">\n\t\t\t\t\t<div class=\"elementor-column elementor-col-25 elementor-top-column elementor-element elementor-element-595a334\" data-id=\"595a334\" data-element_type=\"column\">\n\t\t\t<div class=\"elementor-widget-wrap\">\n\t\t\t\t\t\t\t<\/div>\n\t\t<\/div>\n\t\t\t\t<div class=\"elementor-column elementor-col-50 elementor-top-column elementor-element elementor-element-94ef670\" data-id=\"94ef670\" data-element_type=\"column\">\n\t\t\t<div class=\"elementor-widget-wrap elementor-element-populated\">\n\t\t\t\t\t\t<div class=\"elementor-element elementor-element-1ea375a elementor-widget elementor-widget-heading\" data-id=\"1ea375a\" data-element_type=\"widget\" data-widget_type=\"heading.default\">\n\t\t\t\t<div class=\"elementor-widget-container\">\n\t\t\t\t\t<h1 class=\"elementor-heading-title elementor-size-default\">Datenschutzbestimmungen\n<\/h1>\t\t\t\t<\/div>\n\t\t\t\t<\/div>\n\t\t\t\t<div class=\"elementor-element elementor-element-d2ea21c elementor-widget elementor-widget-text-editor\" data-id=\"d2ea21c\" data-element_type=\"widget\" data-widget_type=\"text-editor.default\">\n\t\t\t\t<div class=\"elementor-widget-container\">\n\t\t\t\t\t\t\t\t\t<p>A THE GETAWAY VAN, LDA reconhece a import\u00e2ncia de proteger os dados pessoais de clientes e visitantes do nosso site. Aus diesem Grund haben wir eine Reihe von Sicherheitsma\u00dfnahmen entwickelt, die auf den Schutz Ihrer pers\u00f6nlichen Daten abzielen.<br \/>Hier finden Sie auch die verschiedenen M\u00f6glichkeiten, mit uns in Kontakt zu treten und Ihre Rechte wahrzunehmen Aus diesem Grund haben wir eine Reihe von Sicherheitsma\u00dfnahmen entwickelt, die auf den Schutz Ihrer pers\u00f6nlichen Daten abzielen.<br \/>Es liegt in der Verantwortung des Nutzers, die Datenschutzbestimmungen von THE GETAWAY VAN, LDA sorgf\u00e4ltig zu lesen. Diese wurden klar und einfach formuliert, um deren Verst\u00e4ndnis zu erleichtern. So k\u00f6nnen Sie selbstst\u00e4ndig und freiwillig entscheiden, ob Sie Ihre personenbezogenen Daten angeben m\u00f6chten.<br \/>Es liegt in der Verantwortung des Nutzers, sicherzustellen, dass die \u00fcbermittelten Daten wahr, exakt, vollst\u00e4ndig und aktuell sind. Der Nutzer haftet f\u00fcr direkte oder indirekte Sch\u00e4den oder Verluste, die sich aus der Nichteinhaltung dieses Punktes ergeben.<br \/>Wenn die eingegebenen Daten Dritten angeh\u00f6ren, garantiert der Nutzer, dass er diese \u00fcber die Bedingungen der Datenschutzrichtlinien informiert hat und berechtigt ist, die Daten f\u00fcr die angegebenen Zwecke an THE GETAWAY VAN, LDA weiterzugeben.<\/p>\n\t\t\t\t\t\t\t\t<\/div>\n\t\t\t\t<\/div>\n\t\t\t\t<div class=\"elementor-element elementor-element-1f7509d elementor-widget elementor-widget-heading\" data-id=\"1f7509d\" data-element_type=\"widget\" data-widget_type=\"heading.default\">\n\t\t\t\t<div class=\"elementor-widget-container\">\n\t\t\t\t\t<h2 class=\"elementor-heading-title elementor-size-default\">Informationen und Rechte\n<\/h2>\t\t\t\t<\/div>\n\t\t\t\t<\/div>\n\t\t\t\t<div class=\"elementor-element elementor-element-5ff4072 elementor-widget elementor-widget-text-editor\" data-id=\"5ff4072\" data-element_type=\"widget\" data-widget_type=\"text-editor.default\">\n\t\t\t\t<div class=\"elementor-widget-container\">\n\t\t\t\t\t\t\t\t\t<p>THE GETAWAY VAN, LDA versichert, dass die vom Nutzer angegebenen personenbezogenen Daten f\u00fcr die nachfolgend beschriebenen Zwecke behandelt werden.<br \/>Soweit der Nutzer zum Zeitpunkt der Erhebung nicht ausdr\u00fccklich darauf hingewiesen hat, sind alle erhobenen personenbezogenen Daten obligatorisch, da sie f\u00fcr die Erbringung unserer Leistungen unverzichtbare Bestandteile sind. Bei fehlenden Daten wird die Anfrage nicht bearbeitet. Die personenbezogenen Daten werden ausschlie\u00dflich zu den in dieser Datenschutzerkl\u00e4rung angegebenen Zwecken erhoben.<\/p>\n\t\t\t\t\t\t\t\t<\/div>\n\t\t\t\t<\/div>\n\t\t\t\t<div class=\"elementor-element elementor-element-71eb2ec elementor-widget elementor-widget-heading\" data-id=\"71eb2ec\" data-element_type=\"widget\" data-widget_type=\"heading.default\">\n\t\t\t\t<div class=\"elementor-widget-container\">\n\t\t\t\t\t<h2 class=\"elementor-heading-title elementor-size-default\">Zweck und Behandlung<\/h2>\t\t\t\t<\/div>\n\t\t\t\t<\/div>\n\t\t\t\t<div class=\"elementor-element elementor-element-ab16697 elementor-widget elementor-widget-text-editor\" data-id=\"ab16697\" data-element_type=\"widget\" data-widget_type=\"text-editor.default\">\n\t\t\t\t<div class=\"elementor-widget-container\">\n\t\t\t\t\t\t\t\t\t<p>Personenbezogene Daten werden zum Zwecke der Verwaltung und Aufrechterhaltung des Vertragsverh\u00e4ltnisses ab dem Zeitpunkt der Anfrage des Nutzers bis zum Ende des Vertragsverh\u00e4ltnisses erhoben und verarbeitet. Dies umfasst die \u00dcberpr\u00fcfung, ob die vom Nutzer gestellte Anfrage ordnungsgem\u00e4\u00df aufgenommen und \u00fcbermittelt wurde, sowie die Durchf\u00fchrung von Kommunikation im Zusammenhang mit der Bereitstellung der erforderlichen Dienste, beispielsweise der Bearbeitung von Beschwerden \u00fcber den Kundeninformationsdienst.<br \/>Mit der \u00dcbermittlung der pers\u00f6nlichen Daten erkl\u00e4rt sich der Nutzer einverstanden, kommerzielle und \/ oder werbliche Mitteilungen zu erhalten. Dies soll den Nutzer \u00fcber Produkte und Dienstleistungen, wie z. B. Rabatte und Sonderangebote, die ihn interessieren k\u00f6nnten, informieren.<br \/>Der Nutzer erkl\u00e4rt sich auch mit der gesetzlichen Verpflichtung zur Weitergabe personenbezogener Daten an Beh\u00f6rden oder staatliche Stellen einzuhalten einverstanden, sofern dies gesetzlich vorgeschrieben ist.<\/p>\n\t\t\t\t\t\t\t\t<\/div>\n\t\t\t\t<\/div>\n\t\t\t\t<div class=\"elementor-element elementor-element-d53e1fe elementor-widget elementor-widget-heading\" data-id=\"d53e1fe\" data-element_type=\"widget\" data-widget_type=\"heading.default\">\n\t\t\t\t<div class=\"elementor-widget-container\">\n\t\t\t\t\t<h2 class=\"elementor-heading-title elementor-size-default\">Aufbewahrung personenbezogener Daten\n<\/h2>\t\t\t\t<\/div>\n\t\t\t\t<\/div>\n\t\t\t\t<div class=\"elementor-element elementor-element-32c2ae0 elementor-widget elementor-widget-text-editor\" data-id=\"32c2ae0\" data-element_type=\"widget\" data-widget_type=\"text-editor.default\">\n\t\t\t\t<div class=\"elementor-widget-container\">\n\t\t\t\t\t\t\t\t\t<p>Personenbezogene Daten werden von THE GETAWAY VAN, LDA w\u00e4hrend des gesamten Vertragsverh\u00e4ltnisses verarbeitet und verwaltet. Die Kriterien f\u00fcr die Festlegung der Datenaufbewahrungsdauer richten sich nach den in den geltenden Gesetzen, Verordnungen und Richtlinien festgelegten Kriterien sowie nach den betrieblichen Anforderungen f\u00fcr die ordnungsgem\u00e4\u00dfe Verwaltung der Benutzerbeziehung.<\/p>\n\t\t\t\t\t\t\t\t<\/div>\n\t\t\t\t<\/div>\n\t\t\t\t<div class=\"elementor-element elementor-element-77fd701 elementor-widget elementor-widget-heading\" data-id=\"77fd701\" data-element_type=\"widget\" data-widget_type=\"heading.default\">\n\t\t\t\t<div class=\"elementor-widget-container\">\n\t\t\t\t\t<h2 class=\"elementor-heading-title elementor-size-default\">Nutzerrechte\n<\/h2>\t\t\t\t<\/div>\n\t\t\t\t<\/div>\n\t\t\t\t<div class=\"elementor-element elementor-element-4e187a7 elementor-widget elementor-widget-text-editor\" data-id=\"4e187a7\" data-element_type=\"widget\" data-widget_type=\"text-editor.default\">\n\t\t\t\t<div class=\"elementor-widget-container\">\n\t\t\t\t\t\t\t\t\t<p>Der Nutzer kann jederzeit von seinem Recht auf Zugriff, Berichtigung, Stornierung und Beseitigung seiner Daten, sowie von seinem Recht der Verarbeitung und Portabilit\u00e4t personenbezogener Daten einzuschr\u00e4nken, Gebrauch machen.<\/p>\n<ul>\n<li>Durch die Angabe seiner Identit\u00e4t &#8211; durch Vorlage eines g\u00fcltigen Ausweises- an: Rua do Barroco, 174-214, Fra\u00e7\u00e3o O, Complexo Empresarial do Barroco, 4465-591 Le\u00e7a do Balio, Matosinhos Portugal +351 229 514 904 +351 925 324 341\n<p>Portugal<\/p>\n<\/li>\n<li>+351 229 514 904<\/li>\n<li>+351 925 324 341<\/li>\n<\/ul>\n\t\t\t\t\t\t\t\t<\/div>\n\t\t\t\t<\/div>\n\t\t\t\t<div class=\"elementor-element elementor-element-3ba9c80 elementor-widget elementor-widget-heading\" data-id=\"3ba9c80\" data-element_type=\"widget\" data-widget_type=\"heading.default\">\n\t\t\t\t<div class=\"elementor-widget-container\">\n\t\t\t\t\t<h2 class=\"elementor-heading-title elementor-size-default\">Anspr\u00fcche<\/h2>\t\t\t\t<\/div>\n\t\t\t\t<\/div>\n\t\t\t\t<div class=\"elementor-element elementor-element-66243ae elementor-widget elementor-widget-text-editor\" data-id=\"66243ae\" data-element_type=\"widget\" data-widget_type=\"text-editor.default\">\n\t\t\t\t<div class=\"elementor-widget-container\">\n\t\t\t\t\t\t\t\t\t<p>Wenn Sie der Meinung sind, dass THE GETAWAY VAN, LDA eines der oben genannten Rechte verletzt hat, k\u00f6nnen Sie eine Beschwerde bei der Nationalen Datenschutzkommission einreichen.<\/p>\n\t\t\t\t\t\t\t\t<\/div>\n\t\t\t\t<\/div>\n\t\t\t\t\t<\/div>\n\t\t<\/div>\n\t\t\t\t<div class=\"elementor-column elementor-col-25 elementor-top-column elementor-element elementor-element-fdad5a5\" data-id=\"fdad5a5\" data-element_type=\"column\">\n\t\t\t<div class=\"elementor-widget-wrap\">\n\t\t\t\t\t\t\t<\/div>\n\t\t<\/div>\n\t\t\t\t\t<\/div>\n\t\t<\/section>\n\t\t\t\t<\/div>\n\t\t","protected":false},"excerpt":{"rendered":"<p>Datenschutzbestimmungen A THE GETAWAY VAN, LDA reconhece a import\u00e2ncia de proteger os dados pessoais de clientes e visitantes do nosso site. Aus diesem Grund haben wir eine Reihe von Sicherheitsma\u00dfnahmen entwickelt, die auf den Schutz Ihrer pers\u00f6nlichen Daten abzielen. Hier finden Sie auch die verschiedenen M\u00f6glichkeiten, mit uns in Kontakt zu treten und Ihre Rechte [&hellip;]<\/p>\n","protected":false},"author":3,"featured_media":0,"parent":0,"menu_order":74,"comment_status":"closed","ping_status":"closed","template":"","meta":{"_acf_changed":false,"footnotes":""},"class_list":["post-6172","page","type-page","status-publish","hentry"],"acf":[],"yoast_head":"<!-- This site is optimized with the Yoast SEO plugin v24.4 - https:\/\/yoast.com\/wordpress\/plugins\/seo\/ -->\n<title>Datenschutzbestimmungen<\/title>\n<meta name=\"description\" content=\"Lesen Sie unsere Datenschutzbestimmungen auf der Website von The Getaway Van. Alles ist konform\" \/>\n<meta name=\"robots\" content=\"index, follow, max-snippet:-1, max-image-preview:large, max-video-preview:-1\" \/>\n<link rel=\"canonical\" href=\"https:\/\/the-getaway-van.com\/de\/datenschutzbestimmungen\/\" \/>\n<meta property=\"og:locale\" content=\"de_DE\" \/>\n<meta property=\"og:type\" content=\"article\" \/>\n<meta property=\"og:title\" content=\"Datenschutzbestimmungen\" \/>\n<meta property=\"og:description\" content=\"Lesen Sie unsere Datenschutzbestimmungen auf der Website von The Getaway Van. Alles ist konform\" \/>\n<meta property=\"og:url\" content=\"https:\/\/the-getaway-van.com\/de\/datenschutzbestimmungen\/\" \/>\n<meta property=\"og:site_name\" content=\"The Getaway Van\" \/>\n<meta property=\"article:publisher\" content=\"https:\/\/www.facebook.com\/getawayvan\/\" \/>\n<meta property=\"article:modified_time\" content=\"2020-11-27T23:05:12+00:00\" \/>\n<meta name=\"twitter:card\" content=\"summary_large_image\" \/>\n<meta name=\"twitter:site\" content=\"@getaway_van\" \/>\n<meta name=\"twitter:label1\" content=\"Gesch\u00e4tzte Lesezeit\" \/>\n\t<meta name=\"twitter:data1\" content=\"3 Minuten\" \/>\n<script type=\"application\/ld+json\" class=\"yoast-schema-graph\">{\"@context\":\"https:\/\/schema.org\",\"@graph\":[{\"@type\":\"WebPage\",\"@id\":\"https:\/\/the-getaway-van.com\/de\/datenschutzbestimmungen\/\",\"url\":\"https:\/\/the-getaway-van.com\/de\/datenschutzbestimmungen\/\",\"name\":\"Datenschutzbestimmungen\",\"isPartOf\":{\"@id\":\"https:\/\/the-getaway-van.com\/de\/#website\"},\"datePublished\":\"2020-02-20T18:52:07+00:00\",\"dateModified\":\"2020-11-27T23:05:12+00:00\",\"description\":\"Lesen Sie unsere Datenschutzbestimmungen auf der Website von The Getaway Van. Alles ist konform\",\"breadcrumb\":{\"@id\":\"https:\/\/the-getaway-van.com\/de\/datenschutzbestimmungen\/#breadcrumb\"},\"inLanguage\":\"de-DE\",\"potentialAction\":[{\"@type\":\"ReadAction\",\"target\":[\"https:\/\/the-getaway-van.com\/de\/datenschutzbestimmungen\/\"]}]},{\"@type\":\"BreadcrumbList\",\"@id\":\"https:\/\/the-getaway-van.com\/de\/datenschutzbestimmungen\/#breadcrumb\",\"itemListElement\":[{\"@type\":\"ListItem\",\"position\":1,\"name\":\"Home\",\"item\":\"https:\/\/the-getaway-van.com\/de\/\"},{\"@type\":\"ListItem\",\"position\":2,\"name\":\"Datenschutzbestimmungen\"}]},{\"@type\":\"WebSite\",\"@id\":\"https:\/\/the-getaway-van.com\/de\/#website\",\"url\":\"https:\/\/the-getaway-van.com\/de\/\",\"name\":\"The Getaway Van\",\"description\":\"Aluguer de Autocaravanas\",\"publisher\":{\"@id\":\"https:\/\/the-getaway-van.com\/de\/#organization\"},\"potentialAction\":[{\"@type\":\"SearchAction\",\"target\":{\"@type\":\"EntryPoint\",\"urlTemplate\":\"https:\/\/the-getaway-van.com\/de\/?s={search_term_string}\"},\"query-input\":{\"@type\":\"PropertyValueSpecification\",\"valueRequired\":true,\"valueName\":\"search_term_string\"}}],\"inLanguage\":\"de-DE\"},{\"@type\":\"Organization\",\"@id\":\"https:\/\/the-getaway-van.com\/de\/#organization\",\"name\":\"The Getaway Van\",\"url\":\"https:\/\/the-getaway-van.com\/de\/\",\"logo\":{\"@type\":\"ImageObject\",\"inLanguage\":\"de-DE\",\"@id\":\"https:\/\/the-getaway-van.com\/de\/#\/schema\/logo\/image\/\",\"url\":\"https:\/\/the-getaway-van.com\/wp-content\/uploads\/2020\/02\/TGV-logo.png\",\"contentUrl\":\"https:\/\/the-getaway-van.com\/wp-content\/uploads\/2020\/02\/TGV-logo.png\",\"width\":512,\"height\":512,\"caption\":\"The Getaway Van\"},\"image\":{\"@id\":\"https:\/\/the-getaway-van.com\/de\/#\/schema\/logo\/image\/\"},\"sameAs\":[\"https:\/\/www.facebook.com\/getawayvan\/\",\"https:\/\/x.com\/getaway_van\",\"https:\/\/www.instagram.com\/getawayvan\/\",\"https:\/\/www.linkedin.com\/company\/the-getaway-van\/\",\"https:\/\/www.pinterest.co.uk\/getawayvan\/\",\"https:\/\/www.youtube.com\/channel\/UCJwXGtMRaMw2D2NyDSW7slA\/\"]}]}<\/script>\n<!-- \/ Yoast SEO plugin. -->","yoast_head_json":{"title":"Datenschutzbestimmungen","description":"Lesen Sie unsere Datenschutzbestimmungen auf der Website von The Getaway Van. Alles ist konform","robots":{"index":"index","follow":"follow","max-snippet":"max-snippet:-1","max-image-preview":"max-image-preview:large","max-video-preview":"max-video-preview:-1"},"canonical":"https:\/\/the-getaway-van.com\/de\/datenschutzbestimmungen\/","og_locale":"de_DE","og_type":"article","og_title":"Datenschutzbestimmungen","og_description":"Lesen Sie unsere Datenschutzbestimmungen auf der Website von The Getaway Van. Alles ist konform","og_url":"https:\/\/the-getaway-van.com\/de\/datenschutzbestimmungen\/","og_site_name":"The Getaway Van","article_publisher":"https:\/\/www.facebook.com\/getawayvan\/","article_modified_time":"2020-11-27T23:05:12+00:00","twitter_card":"summary_large_image","twitter_site":"@getaway_van","twitter_misc":{"Gesch\u00e4tzte Lesezeit":"3 Minuten"},"schema":{"@context":"https:\/\/schema.org","@graph":[{"@type":"WebPage","@id":"https:\/\/the-getaway-van.com\/de\/datenschutzbestimmungen\/","url":"https:\/\/the-getaway-van.com\/de\/datenschutzbestimmungen\/","name":"Datenschutzbestimmungen","isPartOf":{"@id":"https:\/\/the-getaway-van.com\/de\/#website"},"datePublished":"2020-02-20T18:52:07+00:00","dateModified":"2020-11-27T23:05:12+00:00","description":"Lesen Sie unsere Datenschutzbestimmungen auf der Website von The Getaway Van. Alles ist konform","breadcrumb":{"@id":"https:\/\/the-getaway-van.com\/de\/datenschutzbestimmungen\/#breadcrumb"},"inLanguage":"de-DE","potentialAction":[{"@type":"ReadAction","target":["https:\/\/the-getaway-van.com\/de\/datenschutzbestimmungen\/"]}]},{"@type":"BreadcrumbList","@id":"https:\/\/the-getaway-van.com\/de\/datenschutzbestimmungen\/#breadcrumb","itemListElement":[{"@type":"ListItem","position":1,"name":"Home","item":"https:\/\/the-getaway-van.com\/de\/"},{"@type":"ListItem","position":2,"name":"Datenschutzbestimmungen"}]},{"@type":"WebSite","@id":"https:\/\/the-getaway-van.com\/de\/#website","url":"https:\/\/the-getaway-van.com\/de\/","name":"The Getaway Van","description":"Aluguer de Autocaravanas","publisher":{"@id":"https:\/\/the-getaway-van.com\/de\/#organization"},"potentialAction":[{"@type":"SearchAction","target":{"@type":"EntryPoint","urlTemplate":"https:\/\/the-getaway-van.com\/de\/?s={search_term_string}"},"query-input":{"@type":"PropertyValueSpecification","valueRequired":true,"valueName":"search_term_string"}}],"inLanguage":"de-DE"},{"@type":"Organization","@id":"https:\/\/the-getaway-van.com\/de\/#organization","name":"The Getaway Van","url":"https:\/\/the-getaway-van.com\/de\/","logo":{"@type":"ImageObject","inLanguage":"de-DE","@id":"https:\/\/the-getaway-van.com\/de\/#\/schema\/logo\/image\/","url":"https:\/\/the-getaway-van.com\/wp-content\/uploads\/2020\/02\/TGV-logo.png","contentUrl":"https:\/\/the-getaway-van.com\/wp-content\/uploads\/2020\/02\/TGV-logo.png","width":512,"height":512,"caption":"The Getaway Van"},"image":{"@id":"https:\/\/the-getaway-van.com\/de\/#\/schema\/logo\/image\/"},"sameAs":["https:\/\/www.facebook.com\/getawayvan\/","https:\/\/x.com\/getaway_van","https:\/\/www.instagram.com\/getawayvan\/","https:\/\/www.linkedin.com\/company\/the-getaway-van\/","https:\/\/www.pinterest.co.uk\/getawayvan\/","https:\/\/www.youtube.com\/channel\/UCJwXGtMRaMw2D2NyDSW7slA\/"]}]}},"_links":{"self":[{"href":"https:\/\/the-getaway-van.com\/de\/wp-json\/wp\/v2\/pages\/6172","targetHints":{"allow":["GET"]}}],"collection":[{"href":"https:\/\/the-getaway-van.com\/de\/wp-json\/wp\/v2\/pages"}],"about":[{"href":"https:\/\/the-getaway-van.com\/de\/wp-json\/wp\/v2\/types\/page"}],"author":[{"embeddable":true,"href":"https:\/\/the-getaway-van.com\/de\/wp-json\/wp\/v2\/users\/3"}],"replies":[{"embeddable":true,"href":"https:\/\/the-getaway-van.com\/de\/wp-json\/wp\/v2\/comments?post=6172"}],"version-history":[{"count":0,"href":"https:\/\/the-getaway-van.com\/de\/wp-json\/wp\/v2\/pages\/6172\/revisions"}],"wp:attachment":[{"href":"https:\/\/the-getaway-van.com\/de\/wp-json\/wp\/v2\/media?parent=6172"}],"curies":[{"name":"wp","href":"https:\/\/api.w.org\/{rel}","templated":true}]}}